{"id":16630,"date":"2022-10-17T09:59:43","date_gmt":"2022-10-17T09:59:43","guid":{"rendered":"https:\/\/motionfood.ch\/?page_id=16630"},"modified":"2022-10-17T09:59:59","modified_gmt":"2022-10-17T09:59:59","slug":"studios-en","status":"publish","type":"page","link":"https:\/\/motionfood.ch\/en\/home-en\/studios-en\/","title":{"rendered":"Studios EN"},"content":{"rendered":"<div      class=\"vc_row wpb_row section vc_row-fluid  vc_custom_1521120762939 grid_section\" style=' text-align:left;'><div class=\" section_inner clearfix\"><div class='section_inner_margin clearfix'><div class=\"wpb_column vc_column_container vc_col-sm-12 vc_col-md-6\"><div class=\"vc_column-inner\"><div class=\"wpb_wrapper\"><div class='q_elements_holder one_column responsive_mode_from_768' ><div class='q_elements_item ' data-1024-1280='2% 9% 0px 0px' data-768-1024='0px' data-600-768='0% 3% 80px 0px' data-480-600='0% 3% 80px 0px' data-480='0% 3% 80px 0px' data-animation='no' data-item-class='q_elements_holder_custom_903835'><div class='q_elements_item_inner'><div class='q_elements_item_content q_elements_holder_custom_903835' style='padding:4% 9% 0px 0px'>\n\t<div class=\"wpb_text_column wpb_content_element \">\n\t\t<div class=\"wpb_wrapper\">\n\t\t\t<h2>Schlieren \u2013 Z\u00fcrich<\/h2>\n\n\t\t<\/div> \n\t<\/div> <div class=\"separator  small left  \" style=\"margin-top: 20px;margin-bottom: 35px;background-color: #f19024;height: 2px;width: 60px;\"><\/div>\n\n\t<div class=\"wpb_text_column wpb_content_element \">\n\t\t<div class=\"wpb_wrapper\">\n\t\t\t<div>\n<p>Ob f\u00fcr eine Liveaufzeichnung, ein Foto-shooting oder f\u00fcr Ihr Video Wunsch. Die beste Technik hilft wenig, wenn der Hintergrund nicht passt. In unserem In-House Studio ist auf 270m2 Platz, um ein auf Ihre Bed\u00fcrfnisse zugeschnittenes Set zu bauen. An hervorragender Lage mitten im aufstrebenden Schlieren in Z\u00fcrich ist unser Studio sowohl mit \u00f6ffentlichem Verkehr als auch mit dem Auto gut erreichbar. Viele Parkm\u00f6glichkeiten sind direkt vor dem Geb\u00e4ude vorhanden.<\/p>\n<\/div>\n\n\t\t<\/div> \n\t<\/div> \t<div class=\"vc_empty_space\"  style=\"height: 42px\" ><span\n\t\t\tclass=\"vc_empty_space_inner\">\n\t\t\t<span class=\"empty_space_image\"  ><\/span>\n\t\t<\/span><\/div>\n\n\n\t<div class=\"wpb_single_image wpb_content_element vc_align_left\">\n\t\t<div class=\"wpb_wrapper\">\n\t\t\t\n\t\t\t<div class=\"vc_single_image-wrapper   vc_box_border_grey\"><img fetchpriority=\"high\" decoding=\"async\" width=\"1024\" height=\"681\" src=\"https:\/\/motionfood.ch\/wp-content\/uploads\/2022\/05\/barrycallebaut_livestream_agentur_filmproduktion_webinar_meeting_praesentation_zu\u0308rich_-1024x681.jpg\" class=\"vc_single_image-img attachment-large\" alt=\"\" srcset=\"https:\/\/motionfood.ch\/wp-content\/uploads\/2022\/05\/barrycallebaut_livestream_agentur_filmproduktion_webinar_meeting_praesentation_zu\u0308rich_-1024x681.jpg 1024w, https:\/\/motionfood.ch\/wp-content\/uploads\/2022\/05\/barrycallebaut_livestream_agentur_filmproduktion_webinar_meeting_praesentation_zu\u0308rich_-300x200.jpg 300w, https:\/\/motionfood.ch\/wp-content\/uploads\/2022\/05\/barrycallebaut_livestream_agentur_filmproduktion_webinar_meeting_praesentation_zu\u0308rich_-768x511.jpg 768w, https:\/\/motionfood.ch\/wp-content\/uploads\/2022\/05\/barrycallebaut_livestream_agentur_filmproduktion_webinar_meeting_praesentation_zu\u0308rich_-18x12.jpg 18w, https:\/\/motionfood.ch\/wp-content\/uploads\/2022\/05\/barrycallebaut_livestream_agentur_filmproduktion_webinar_meeting_praesentation_zu\u0308rich_-700x466.jpg 700w, https:\/\/motionfood.ch\/wp-content\/uploads\/2022\/05\/barrycallebaut_livestream_agentur_filmproduktion_webinar_meeting_praesentation_zu\u0308rich_.jpg 1082w\" sizes=\"(max-width: 1024px) 100vw, 1024px\" \/><\/div>\n\t\t<\/div>\n\t<\/div>\n\t<div class=\"vc_empty_space\"  style=\"height: 42px\" ><span\n\t\t\tclass=\"vc_empty_space_inner\">\n\t\t\t<span class=\"empty_space_image\"  ><\/span>\n\t\t<\/span><\/div>\n\n<\/div><\/div><\/div><\/div><\/div><\/div><\/div><div class=\"wpb_column vc_column_container vc_col-sm-12 vc_col-md-6\"><div class=\"vc_column-inner\"><div class=\"wpb_wrapper\">\n\t<div class=\"wpb_text_column wpb_content_element \">\n\t\t<div class=\"wpb_wrapper\">\n\t\t\t <style> #h5vp69df19c0768b1 .h5vp_video_overlay{ top:10px; left:10px; } #h5vp69df19c0768b1 { overflow:hidden }#h5vp69df19c0768b1 .h5vp_video_overlay p { color:#ffffff }#h5vp69df19c0768b1 .h5vp_video_overlay p { font-size:20px }#h5vp69df19c0768b1 { width:100% }#h5vp69df19c0768b1 .h5vp_popup svg { background:#f19024 }#h5vp69df19c0768b1 .h5vp_video_overlay p:hover { color:#ffffff } <\/style>         <div> \r\n        <div class=\"h5vp_player h5vp_player_initializer\" id=\"h5vp69df19c0768b1\" data-settings='{&quot;options&quot;:{&quot;controls&quot;:[&quot;play-large&quot;,&quot;play&quot;,&quot;progress&quot;,&quot;volume&quot;,&quot;captions&quot;,&quot;fullscreen&quot;],&quot;tooltips&quot;:{&quot;controls&quot;:true,&quot;seek&quot;:true},&quot;seekTime&quot;:10,&quot;loop&quot;:{&quot;active&quot;:false},&quot;autoplay&quot;:false,&quot;muted&quot;:false,&quot;hideControls&quot;:true,&quot;resetOnEnd&quot;:true,&quot;captions&quot;:{&quot;active&quot;:true,&quot;update&quot;:true}},&quot;infos&quot;:{&quot;id&quot;:0,&quot;startTime&quot;:0,&quot;popup&quot;:false,&quot;sticky&quot;:false,&quot;protected&quot;:false,&quot;video&quot;:{&quot;source&quot;:&quot;https:\\\/\\\/motionfood.ch\\\/wp-content\\\/uploads\\\/2022\\\/02\\\/LSA_Studio_Final.mp4&quot;,&quot;poster&quot;:&quot;https:\\\/\\\/motionfood.ch\\\/wp-content\\\/uploads\\\/2022\\\/02\\\/Studio_Thumb.jpg&quot;,&quot;quality&quot;:false,&quot;subtitle&quot;:false},&quot;provider&quot;:&quot;library&quot;,&quot;branding&quot;:false,&quot;endscreen&quot;:false,&quot;endscreen_text&quot;:false,&quot;endscreen_text_link&quot;:false,&quot;streaming&quot;:false,&quot;propagans&quot;:false,&quot;streamingType&quot;:&quot;hls&quot;,&quot;disableDownload&quot;:false,&quot;disablePause&quot;:false,&quot;thumbInPause&quot;:false,&quot;FYT&quot;:false,&quot;chapters&quot;:false,&quot;nothing&quot;:&quot;false&quot;}}' video-id=\"3\" \r\n                style=\"--plyr-color-main: #f19024;\">\r\n\t\t\t<!-- sticky close  -->\r\n\t\t\t<div class=\"sticky_close\">&times;<\/div>\r\n\t\t\t<div class=\"popup_close_btn\">&times;<\/div>\r\n\t\t\t\r\n\t\t\t\t\t\t\t<!-- for library  -->\r\n\t\t\t\t\t\t\t\t<video data-poster=\"https:\/\/motionfood.ch\/wp-content\/uploads\/2022\/02\/Studio_Thumb.jpg\"\r\n\t\t\t\t\tpreload=\"metadata\">\r\n\t\t\t\t\tYour browser does not support the video tag.\r\n\t\t\t\t<\/video>\r\n\r\n\t\t\t\t<!-- for youtube -->\r\n\t\t\t\t\t\t\t\t\t\t<\/div>\r\n        <\/div>\r\n        \n\n\t\t<\/div> \n\t<\/div> \t<div class=\"vc_empty_space\"  style=\"height: 32px\" ><span\n\t\t\tclass=\"vc_empty_space_inner\">\n\t\t\t<span class=\"empty_space_image\"  ><\/span>\n\t\t<\/span><\/div>\n\n\n\t<div class=\"wpb_text_column wpb_content_element \">\n\t\t<div class=\"wpb_wrapper\">\n\t\t\t<div>\n<div>In unserem Rundum Wohlf\u00fchl-Paket bei uns im Studio bieten wir Ihnen eines unserer vorgefertigten Sets an, sowie nat\u00fcrlich auf Ihren Brand oder Thema zugeschnittene Settings. Zu einer Produktion geh\u00f6rt nat\u00fcrlich auch ein Catering, das auf Wunsch von unserer Seite organisiert wird. Ein Aufenthaltsbereich f\u00fcr Sie und Ihre G\u00e4ste steht Ihnen ebenfalls zur Verf\u00fcgung. Ein weiterer Vorteil einer Produktion in unserem Studio ist die Sicherheit, die eine fix installierte Technik und Internetleitung bieten. Eine reibungslose und stressfreie Umsetzung Ihres Events ist unsere oberste Priorit\u00e4t.<\/div>\n<\/div>\n\n\t\t<\/div> \n\t<\/div> \t<div class=\"vc_empty_space\"  style=\"height: 42px\" ><span\n\t\t\tclass=\"vc_empty_space_inner\">\n\t\t\t<span class=\"empty_space_image\"  ><\/span>\n\t\t<\/span><\/div>\n\n\t<div class=\"vc_empty_space\"  style=\"height: 30px\" ><span\n\t\t\tclass=\"vc_empty_space_inner\">\n\t\t\t<span class=\"empty_space_image\"  ><\/span>\n\t\t<\/span><\/div>\n\n<a  itemprop=\"url\" href=\"https:\/\/motionfood.ch\/de\/home\/kontakt\/\" target=\"_self\"  class=\"qbutton  default\" style=\"\">Kontaktieren Sie uns<\/a><\/div><\/div><\/div><\/div><\/div><\/div><div      class=\"vc_row wpb_row section vc_row-fluid  vc_custom_1521120762939 grid_section\" style=' text-align:left;'><div class=\" section_inner clearfix\"><div class='section_inner_margin clearfix'><div class=\"wpb_column vc_column_container vc_col-sm-12 vc_col-md-6\"><div class=\"vc_column-inner\"><div class=\"wpb_wrapper\">\n\t<div class=\"wpb_text_column wpb_content_element \">\n\t\t<div class=\"wpb_wrapper\">\n\t\t\t<h2>Technopark \u2013 Z\u00fcrich<\/h2>\n\n\t\t<\/div> \n\t<\/div> <div class=\"separator  small left  \" style=\"margin-top: 20px;margin-bottom: 35px;background-color: #f19024;height: 2px;width: 60px;\"><\/div>\n\t<div class=\"vc_empty_space\"  style=\"height: 32px\" ><span\n\t\t\tclass=\"vc_empty_space_inner\">\n\t\t\t<span class=\"empty_space_image\"  ><\/span>\n\t\t<\/span><\/div>\n\n\n\t<div class=\"wpb_text_column wpb_content_element \">\n\t\t<div class=\"wpb_wrapper\">\n\t\t\t<p>Seit 1. Oktober 2021 betreiben wir ein weiteres Studio direkt im Technopark Z\u00fcrich. Ob f\u00fcr Foto-shootings, Video-shootings, Food Filme oder Livestreams, dieses kleine aber feine Studio ist ideal ausgestattet f\u00fcr Ihre Events. Auch Fach-Talks bis zu drei Personen sind m\u00f6glich.<\/p>\n\n\t\t<\/div> \n\t<\/div> \t<div class=\"vc_empty_space\"  style=\"height: 120px\" ><span\n\t\t\tclass=\"vc_empty_space_inner\">\n\t\t\t<span class=\"empty_space_image\"  ><\/span>\n\t\t<\/span><\/div>\n\n\t<div class=\"vc_empty_space\"  style=\"height: 32px\" ><span\n\t\t\tclass=\"vc_empty_space_inner\">\n\t\t\t<span class=\"empty_space_image\"  ><\/span>\n\t\t<\/span><\/div>\n\n\t<div class=\"vc_empty_space\"  style=\"height: 32px\" ><span\n\t\t\tclass=\"vc_empty_space_inner\">\n\t\t\t<span class=\"empty_space_image\"  ><\/span>\n\t\t<\/span><\/div>\n\n\t<div class=\"vc_empty_space\"  style=\"height: 32px\" ><span\n\t\t\tclass=\"vc_empty_space_inner\">\n\t\t\t<span class=\"empty_space_image\"  ><\/span>\n\t\t<\/span><\/div>\n\n\n\t<div class=\"wpb_single_image wpb_content_element vc_align_left\">\n\t\t<div class=\"wpb_wrapper\">\n\t\t\t\n\t\t\t<div class=\"vc_single_image-wrapper   vc_box_border_grey\"><img decoding=\"async\" width=\"1024\" height=\"683\" src=\"https:\/\/motionfood.ch\/wp-content\/uploads\/2022\/05\/studio_technopark_hardbruecke_livestream_agentur_filmproduction_zurich_web-1024x683.jpg\" class=\"vc_single_image-img attachment-large\" alt=\"\" srcset=\"https:\/\/motionfood.ch\/wp-content\/uploads\/2022\/05\/studio_technopark_hardbruecke_livestream_agentur_filmproduction_zurich_web-1024x683.jpg 1024w, https:\/\/motionfood.ch\/wp-content\/uploads\/2022\/05\/studio_technopark_hardbruecke_livestream_agentur_filmproduction_zurich_web-300x200.jpg 300w, https:\/\/motionfood.ch\/wp-content\/uploads\/2022\/05\/studio_technopark_hardbruecke_livestream_agentur_filmproduction_zurich_web-768x512.jpg 768w, https:\/\/motionfood.ch\/wp-content\/uploads\/2022\/05\/studio_technopark_hardbruecke_livestream_agentur_filmproduction_zurich_web-18x12.jpg 18w, https:\/\/motionfood.ch\/wp-content\/uploads\/2022\/05\/studio_technopark_hardbruecke_livestream_agentur_filmproduction_zurich_web-700x467.jpg 700w, https:\/\/motionfood.ch\/wp-content\/uploads\/2022\/05\/studio_technopark_hardbruecke_livestream_agentur_filmproduction_zurich_web.jpg 1080w\" sizes=\"(max-width: 1024px) 100vw, 1024px\" \/><\/div>\n\t\t<\/div>\n\t<\/div>\n<\/div><\/div><\/div><div class=\"wpb_column vc_column_container vc_col-sm-12 vc_col-md-6\"><div class=\"vc_column-inner\"><div class=\"wpb_wrapper\"><div class='q_elements_holder one_column responsive_mode_from_768' ><div class='q_elements_item ' data-1024-1280='2% 9% 0px 0px' data-768-1024='0px' data-600-768='0% 3% 80px 0px' data-480-600='0% 3% 80px 0px' data-480='0% 3% 80px 0px' data-animation='no' data-item-class='q_elements_holder_custom_570727'><div class='q_elements_item_inner'><div class='q_elements_item_content q_elements_holder_custom_570727' style='padding:4% 9% 0px 0px'>\t<div class=\"vc_empty_space\"  style=\"height: 65px\" ><span\n\t\t\tclass=\"vc_empty_space_inner\">\n\t\t\t<span class=\"empty_space_image\"  ><\/span>\n\t\t<\/span><\/div>\n\n\n\t<div class=\"wpb_text_column wpb_content_element \">\n\t\t<div class=\"wpb_wrapper\">\n\t\t\t <style> #h5vp69df19c07832b .h5vp_video_overlay{ top:10px; left:10px; } #h5vp69df19c07832b { overflow:hidden }#h5vp69df19c07832b .h5vp_video_overlay p { color:#ffffff }#h5vp69df19c07832b .h5vp_video_overlay p { font-size:20px }#h5vp69df19c07832b { width:100% }#h5vp69df19c07832b .h5vp_popup svg { background:#f19024 }#h5vp69df19c07832b .h5vp_video_overlay p:hover { color:#ffffff } <\/style>         <div> \r\n        <div class=\"h5vp_player h5vp_player_initializer\" id=\"h5vp69df19c07832b\" data-settings='{&quot;options&quot;:{&quot;controls&quot;:[&quot;play-large&quot;,&quot;play&quot;,&quot;progress&quot;,&quot;volume&quot;,&quot;captions&quot;,&quot;fullscreen&quot;],&quot;tooltips&quot;:{&quot;controls&quot;:true,&quot;seek&quot;:true},&quot;seekTime&quot;:10,&quot;loop&quot;:{&quot;active&quot;:false},&quot;autoplay&quot;:false,&quot;muted&quot;:false,&quot;hideControls&quot;:true,&quot;resetOnEnd&quot;:true,&quot;captions&quot;:{&quot;active&quot;:true,&quot;update&quot;:true}},&quot;infos&quot;:{&quot;id&quot;:0,&quot;startTime&quot;:0,&quot;popup&quot;:false,&quot;sticky&quot;:false,&quot;protected&quot;:false,&quot;video&quot;:{&quot;source&quot;:&quot;https:\\\/\\\/motionfood.ch\\\/wp-content\\\/uploads\\\/2022\\\/02\\\/technopark_teaser_wasinger_mediahouse_livestream_filmproduktion_zurich-2.mp4&quot;,&quot;poster&quot;:&quot;https:\\\/\\\/motionfood.ch\\\/wp-content\\\/uploads\\\/2022\\\/02\\\/technopark_teaser_wasinger_mediahouse_livestream_filmproduktion_zurich-2.mp4&quot;,&quot;quality&quot;:false,&quot;subtitle&quot;:false},&quot;provider&quot;:&quot;library&quot;,&quot;branding&quot;:false,&quot;endscreen&quot;:false,&quot;endscreen_text&quot;:false,&quot;endscreen_text_link&quot;:false,&quot;streaming&quot;:false,&quot;propagans&quot;:false,&quot;streamingType&quot;:&quot;hls&quot;,&quot;disableDownload&quot;:false,&quot;disablePause&quot;:false,&quot;thumbInPause&quot;:false,&quot;FYT&quot;:false,&quot;chapters&quot;:false,&quot;nothing&quot;:&quot;false&quot;}}' video-id=\"4\" \r\n                style=\"--plyr-color-main: #f19024;\">\r\n\t\t\t<!-- sticky close  -->\r\n\t\t\t<div class=\"sticky_close\">&times;<\/div>\r\n\t\t\t<div class=\"popup_close_btn\">&times;<\/div>\r\n\t\t\t\r\n\t\t\t\t\t\t\t<!-- for library  -->\r\n\t\t\t\t\t\t\t\t<video data-poster=\"https:\/\/motionfood.ch\/wp-content\/uploads\/2022\/02\/technopark_teaser_wasinger_mediahouse_livestream_filmproduktion_zurich-2.mp4\"\r\n\t\t\t\t\tpreload=\"metadata\">\r\n\t\t\t\t\tYour browser does not support the video tag.\r\n\t\t\t\t<\/video>\r\n\r\n\t\t\t\t<!-- for youtube -->\r\n\t\t\t\t\t\t\t\t\t\t<\/div>\r\n        <\/div>\r\n        \n\n\t\t<\/div> \n\t<\/div> \t<div class=\"vc_empty_space\"  style=\"height: 65px\" ><span\n\t\t\tclass=\"vc_empty_space_inner\">\n\t\t\t<span class=\"empty_space_image\"  ><\/span>\n\t\t<\/span><\/div>\n\n\n\t<div class=\"wpb_text_column wpb_content_element \">\n\t\t<div class=\"wpb_wrapper\">\n\t\t\t<p>Durch die fix installierte und qualitativ hochwertige Ausstattung sind auch kurzfristige Buchungen m\u00f6glich. Abgerundet wird dieses Studio durch seine Umgebung mit praktischen Parkm\u00f6glichkeiten, Restaurants und Cafes zum verweilen vor und nach ihrem Event sowie die ausgesprochen zentrale Lage.<\/p>\n\n\t\t<\/div> \n\t<\/div> \t<div class=\"vc_empty_space\"  style=\"height: 65px\" ><span\n\t\t\tclass=\"vc_empty_space_inner\">\n\t\t\t<span class=\"empty_space_image\"  ><\/span>\n\t\t<\/span><\/div>\n\n<a  itemprop=\"url\" href=\"https:\/\/motionfood.ch\/de\/home\/kontakt\/\" target=\"_self\"  class=\"qbutton  default\" style=\"\">Kontaktieren Sie uns<\/a><\/div><\/div><\/div><\/div><\/div><\/div><\/div><\/div><\/div><\/div>\n","protected":false},"excerpt":{"rendered":"Schlieren \u2013 Z\u00fcrich Ob f\u00fcr eine Liveaufzeichnung, ein Foto-shooting oder f\u00fcr Ihr Video Wunsch. Die beste Technik hilft wenig, wenn der Hintergrund nicht passt. In unserem In-House Studio ist auf 270m2 Platz, um ein auf Ihre Bed\u00fcrfnisse zugeschnittenes Set zu bauen. An hervorragender Lage mitten...","protected":false},"author":1,"featured_media":0,"parent":16614,"menu_order":0,"comment_status":"closed","ping_status":"closed","template":"full_width.php","meta":{"om_disable_all_campaigns":false,"_monsterinsights_skip_tracking":false,"_monsterinsights_sitenote_active":false,"_monsterinsights_sitenote_note":"","_monsterinsights_sitenote_category":0,"footnotes":""},"class_list":["post-16630","page","type-page","status-publish","hentry"],"aioseo_notices":[],"_links":{"self":[{"href":"https:\/\/motionfood.ch\/en\/wp-json\/wp\/v2\/pages\/16630","targetHints":{"allow":["GET"]}}],"collection":[{"href":"https:\/\/motionfood.ch\/en\/wp-json\/wp\/v2\/pages"}],"about":[{"href":"https:\/\/motionfood.ch\/en\/wp-json\/wp\/v2\/types\/page"}],"author":[{"embeddable":true,"href":"https:\/\/motionfood.ch\/en\/wp-json\/wp\/v2\/users\/1"}],"replies":[{"embeddable":true,"href":"https:\/\/motionfood.ch\/en\/wp-json\/wp\/v2\/comments?post=16630"}],"version-history":[{"count":1,"href":"https:\/\/motionfood.ch\/en\/wp-json\/wp\/v2\/pages\/16630\/revisions"}],"predecessor-version":[{"id":16631,"href":"https:\/\/motionfood.ch\/en\/wp-json\/wp\/v2\/pages\/16630\/revisions\/16631"}],"up":[{"embeddable":true,"href":"https:\/\/motionfood.ch\/en\/wp-json\/wp\/v2\/pages\/16614"}],"wp:attachment":[{"href":"https:\/\/motionfood.ch\/en\/wp-json\/wp\/v2\/media?parent=16630"}],"curies":[{"name":"wp","href":"https:\/\/api.w.org\/{rel}","templated":true}]}}