{"id":15854,"date":"2022-01-11T07:20:52","date_gmt":"2022-01-11T07:20:52","guid":{"rendered":"https:\/\/motionfood.ch\/?page_id=15854"},"modified":"2025-05-05T10:04:06","modified_gmt":"2025-05-05T10:04:06","slug":"ueber-uns","status":"publish","type":"page","link":"https:\/\/motionfood.ch\/en\/home\/ueber-uns\/","title":{"rendered":"About us"},"content":{"rendered":"<div      class=\"vc_row wpb_row section vc_row-fluid \" style=' text-align:left;'><div class=\" full_section_inner clearfix\"><div class=\"wpb_column vc_column_container vc_col-sm-12\"><div class=\"vc_column-inner\"><div class=\"wpb_wrapper\">\t<div class=\"vc_empty_space\"  style=\"height: 80px\" ><span\n\t\t\tclass=\"vc_empty_space_inner\">\n\t\t\t<span class=\"empty_space_image\"  ><\/span>\n\t\t<\/span><\/div>\n\n<\/div><\/div><\/div><\/div><\/div><div      class=\"vc_row wpb_row section vc_row-fluid  vc_custom_1521120762939 grid_section\" style=' text-align:left;'><div class=\" section_inner clearfix\"><div class='section_inner_margin clearfix'><div class=\"wpb_column vc_column_container vc_col-sm-12 vc_col-md-6\"><div class=\"vc_column-inner\"><div class=\"wpb_wrapper\"><div class='q_elements_holder one_column responsive_mode_from_768' ><div class='q_elements_item ' data-1024-1280='2% 9% 0px 0px' data-768-1024='0px' data-600-768='0% 3% 80px 0px' data-480-600='0% 3% 80px 0px' data-480='0% 3% 80px 0px' data-animation='no' data-item-class='q_elements_holder_custom_856410'><div class='q_elements_item_inner'><div class='q_elements_item_content q_elements_holder_custom_856410' style='padding:4% 9% 0px 0px'>\n\t<div class=\"wpb_text_column wpb_content_element \">\n\t\t<div class=\"wpb_wrapper\">\n\t\t\t<h2>Aus welchen Zutaten besteht motionfood?<\/h2>\n\n\t\t<\/div> \n\t<\/div> <div class=\"separator  small left  \" style=\"margin-top: 20px;margin-bottom: 35px;background-color: #f19024;height: 2px;width: 60px;\"><\/div>\n\n\t<div class=\"wpb_text_column wpb_content_element \">\n\t\t<div class=\"wpb_wrapper\">\n\t\t\t<p><span style=\"font-weight: 400;\">motionfood hat das Rezept f\u00fcr raffinierte und appetitliche Food Videos perfektioniert.<\/span><\/p>\n<p><span style=\"font-weight: 400;\">Als Teil der <\/span><em><a href=\"https:\/\/www.wasingermediahouse.com\/\" target=\"_blank\" rel=\"noopener\">Wasinger Media House GmbH<\/a><\/em><span style=\"font-weight: 400;\"> deckt motionfood. als spezialisierter Unternehmensbereich das Gebiet professioneller Food-Videos f\u00fcr die Lebensmittelindustrie, Gastronomie und Hotellerie ab. <\/span><span style=\"font-weight: 400;\">Unter anderem in der Zusammenarbeit mit dem <\/span><em><a href=\"https:\/\/www.gaultmillau.ch\/\" target=\"_blank\" rel=\"noopener\">Gault &amp; Millau Channel Schweiz<\/a><\/em><span style=\"font-weight: 400;\"> und der <\/span><span style=\"font-weight: 400;\">dazugeh\u00f6rigen Erfahrung mit Spitzenk\u00f6chen zeigt sich die Leidenschaft von motionfood. f\u00fcr Food Videos. motionfood. realisiert jede einzelne Videoproduktion wie ein gutes Rezept mit Liebe f\u00fcrs Detail \u2013 auch f\u00fcr Sie. Auf den Geschmack gekommen?<\/span><\/p>\n<p><span style=\"font-weight: 400;\">\u00c0 table, s\u2019il vous pla\u00eet!<\/span><\/p>\n\n\t\t<\/div> \n\t<\/div> \t<div class=\"vc_empty_space\"  style=\"height: 42px\" ><span\n\t\t\tclass=\"vc_empty_space_inner\">\n\t\t\t<span class=\"empty_space_image\"  ><\/span>\n\t\t<\/span><\/div>\n\n<a  itemprop=\"url\" href=\"https:\/\/motionfood.ch\/de\/home\/kontakt\/\" target=\"_self\"  class=\"qbutton  default\" style=\"\">Kontaktieren Sie uns<\/a><\/div><\/div><\/div><\/div><\/div><\/div><\/div><div class=\"wpb_column vc_column_container vc_col-sm-12 vc_col-md-6\"><div class=\"vc_column-inner\"><div class=\"wpb_wrapper\">\n\t<div class=\"wpb_text_column wpb_content_element \">\n\t\t<div class=\"wpb_wrapper\">\n\t\t\t <style> #h5vp69dd6c7fda136 .h5vp_video_overlay{ top:10px; left:10px; } #h5vp69dd6c7fda136 { overflow:hidden }#h5vp69dd6c7fda136 .h5vp_video_overlay p { color:#ffffff }#h5vp69dd6c7fda136 .h5vp_video_overlay p { font-size:20px }#h5vp69dd6c7fda136 .h5vp_popup svg { background:#f19024 }#h5vp69dd6c7fda136 .h5vp_video_overlay p:hover { color:#ffffff } <\/style>         <div> \r\n        <div class=\"h5vp_player h5vp_player_initializer\" id=\"h5vp69dd6c7fda136\" data-settings='{&quot;options&quot;:{&quot;controls&quot;:[&quot;play-large&quot;,&quot;play&quot;,&quot;progress&quot;,&quot;current-time&quot;,&quot;volume&quot;,&quot;captions&quot;,&quot;fullscreen&quot;],&quot;tooltips&quot;:{&quot;controls&quot;:true,&quot;seek&quot;:true},&quot;seekTime&quot;:10,&quot;loop&quot;:{&quot;active&quot;:false},&quot;autoplay&quot;:false,&quot;muted&quot;:false,&quot;hideControls&quot;:true,&quot;resetOnEnd&quot;:true,&quot;captions&quot;:{&quot;active&quot;:true,&quot;update&quot;:true}},&quot;infos&quot;:{&quot;id&quot;:0,&quot;startTime&quot;:0,&quot;popup&quot;:false,&quot;sticky&quot;:false,&quot;protected&quot;:false,&quot;video&quot;:{&quot;source&quot;:&quot;https:\\\/\\\/vimeo.com\\\/732137800&quot;,&quot;poster&quot;:false,&quot;quality&quot;:false,&quot;subtitle&quot;:false},&quot;provider&quot;:&quot;vimeo&quot;,&quot;branding&quot;:false,&quot;endscreen&quot;:false,&quot;endscreen_text&quot;:false,&quot;endscreen_text_link&quot;:false,&quot;streaming&quot;:false,&quot;propagans&quot;:false,&quot;streamingType&quot;:&quot;hls&quot;,&quot;disableDownload&quot;:false,&quot;disablePause&quot;:false,&quot;thumbInPause&quot;:false,&quot;FYT&quot;:false,&quot;chapters&quot;:false,&quot;nothing&quot;:&quot;false&quot;}}' video-id=\"44\" \r\n                style=\"--plyr-color-main: #f19024;\">\r\n\t\t\t<!-- sticky close  -->\r\n\t\t\t<div class=\"sticky_close\">&times;<\/div>\r\n\t\t\t<div class=\"popup_close_btn\">&times;<\/div>\r\n\t\t\t\r\n\t\t\t\t\t\t\t<!-- for library  -->\r\n\t\t\t\t\t\t\t\t\t<div  class=\"notlibrary\" data-plyr-provider=\"vimeo\" data-plyr-embed-id=\"https:\/\/vimeo.com\/732137800\"><\/div>\r\n\t\t\t\t\t\t\t\t\t\t<\/div>\r\n        <\/div>\r\n        \n\n\t\t<\/div> \n\t<\/div> <\/div><\/div><\/div><\/div><\/div><\/div><div      class=\"vc_row wpb_row section vc_row-fluid  vc_custom_1521114129000\" style='background-image:url(https:\/\/motionfood.ch\/wp-content\/uploads\/2018\/03\/home-backgrond-img-1.jpg); text-align:center;'><div class=\" full_section_inner clearfix\"><div class=\"wpb_column vc_column_container vc_col-sm-12\"><div class=\"vc_column-inner\"><div class=\"wpb_wrapper\">\n\t<div class=\"wpb_text_column wpb_content_element \">\n\t\t<div class=\"wpb_wrapper\">\n\t\t\t<h2><span style=\"font-family: Montserrat;\">Horsd\u2019\u0153uvre<\/span><\/h2>\n\n\t\t<\/div> \n\t<\/div> <div class=\"separator  small center  \" style=\"margin-top: 20px;background-color: #cca762;height: 2px;width: 60px;\"><\/div>\n<div      class=\"vc_row wpb_row section vc_row-fluid vc_inner  vc_custom_1521106526605 grid_section\" style=' text-align:center;'><div class=\" section_inner clearfix\"><div class='section_inner_margin clearfix'><div class=\"wpb_column vc_column_container vc_col-sm-12 vc_col-md-4\"><div class=\"vc_column-inner\"><div class=\"wpb_wrapper\"><div class=\"image_with_text\"><img decoding=\"async\" itemprop=\"image\" src=\"https:\/\/motionfood.ch\/wp-content\/uploads\/2020\/01\/motionfood_food_film_filmproduktion_videoproduktion_zurich-2-1.jpg\" alt=\"Pr\u00e4zise Bewegungen\" \/><h3 >Pr\u00e4zise Bewegungen<\/h3><span style=\"margin: 6px 0px;\" class=\"separator transparent\"><\/span><\/p>\n<h6><span style=\"color: #cca762; font-family: Montserrat;\">Motion<\/span><\/h6>\n<p><\/div>\t<div class=\"vc_empty_space\"  style=\"height: 50px\" ><span\n\t\t\tclass=\"vc_empty_space_inner\">\n\t\t\t<span class=\"empty_space_image\"  ><\/span>\n\t\t<\/span><\/div>\n\n<\/div><\/div><\/div><div class=\"wpb_column vc_column_container vc_col-sm-12 vc_col-md-4\"><div class=\"vc_column-inner\"><div class=\"wpb_wrapper\"><div class=\"image_with_text\"><img decoding=\"async\" itemprop=\"image\" src=\"https:\/\/motionfood.ch\/wp-content\/uploads\/2020\/01\/motionfood_food_film_filmproduktion_videoproduktion_zurich-3-1.jpg\" alt=\"Spektakul\u00e4re Szenarien\" \/><h3 >Spektakul\u00e4re Szenarien<\/h3><span style=\"margin: 6px 0px;\" class=\"separator transparent\"><\/span><\/p>\n<h6><span style=\"color: #cca762; font-family: Montserrat;\">Macro<\/span><\/h6>\n<p><\/div>\t<div class=\"vc_empty_space\"  style=\"height: 50px\" ><span\n\t\t\tclass=\"vc_empty_space_inner\">\n\t\t\t<span class=\"empty_space_image\"  ><\/span>\n\t\t<\/span><\/div>\n\n<\/div><\/div><\/div><div class=\"wpb_column vc_column_container vc_col-sm-12 vc_col-md-4\"><div class=\"vc_column-inner\"><div class=\"wpb_wrapper\"><div class=\"image_with_text\"><img decoding=\"async\" itemprop=\"image\" src=\"https:\/\/motionfood.ch\/wp-content\/uploads\/2020\/01\/motionfood_food_film_filmproduktion_videoproduktion_zurich-1-2.jpg\" alt=\"Professionelle Beleuchtung\" \/><h3 >Professionelle Beleuchtung<\/h3><span style=\"margin: 6px 0px;\" class=\"separator transparent\"><\/span><\/p>\n<h6><span style=\"color: #cca762; font-family: Montserrat;\">Light<\/span><\/h6>\n<p><\/div>\t<div class=\"vc_empty_space\"  style=\"height: 50px\" ><span\n\t\t\tclass=\"vc_empty_space_inner\">\n\t\t\t<span class=\"empty_space_image\"  ><\/span>\n\t\t<\/span><\/div>\n\n<\/div><\/div><\/div><\/div><\/div><\/div><\/div><\/div><\/div><\/div><\/div>\n","protected":false},"excerpt":{"rendered":"Aus welchen Zutaten besteht motionfood? motionfood hat das Rezept f\u00fcr raffinierte und appetitliche Food Videos perfektioniert. Als Teil der Wasinger Media House GmbH deckt motionfood. als spezialisierter Unternehmensbereich das Gebiet professioneller Food-Videos f\u00fcr die Lebensmittelindustrie, Gastronomie und Hotellerie ab. Unter anderem in der Zusammenarbeit mit...","protected":false},"author":1,"featured_media":16716,"parent":16266,"menu_order":0,"comment_status":"closed","ping_status":"closed","template":"full_width.php","meta":{"om_disable_all_campaigns":false,"_monsterinsights_skip_tracking":false,"_monsterinsights_sitenote_active":false,"_monsterinsights_sitenote_note":"","_monsterinsights_sitenote_category":0,"footnotes":""},"class_list":["post-15854","page","type-page","status-publish","has-post-thumbnail","hentry"],"aioseo_notices":[],"_links":{"self":[{"href":"https:\/\/motionfood.ch\/en\/wp-json\/wp\/v2\/pages\/15854","targetHints":{"allow":["GET"]}}],"collection":[{"href":"https:\/\/motionfood.ch\/en\/wp-json\/wp\/v2\/pages"}],"about":[{"href":"https:\/\/motionfood.ch\/en\/wp-json\/wp\/v2\/types\/page"}],"author":[{"embeddable":true,"href":"https:\/\/motionfood.ch\/en\/wp-json\/wp\/v2\/users\/1"}],"replies":[{"embeddable":true,"href":"https:\/\/motionfood.ch\/en\/wp-json\/wp\/v2\/comments?post=15854"}],"version-history":[{"count":32,"href":"https:\/\/motionfood.ch\/en\/wp-json\/wp\/v2\/pages\/15854\/revisions"}],"predecessor-version":[{"id":16729,"href":"https:\/\/motionfood.ch\/en\/wp-json\/wp\/v2\/pages\/15854\/revisions\/16729"}],"up":[{"embeddable":true,"href":"https:\/\/motionfood.ch\/en\/wp-json\/wp\/v2\/pages\/16266"}],"wp:featuredmedia":[{"embeddable":true,"href":"https:\/\/motionfood.ch\/en\/wp-json\/wp\/v2\/media\/16716"}],"wp:attachment":[{"href":"https:\/\/motionfood.ch\/en\/wp-json\/wp\/v2\/media?parent=15854"}],"curies":[{"name":"wp","href":"https:\/\/api.w.org\/{rel}","templated":true}]}}