{"id":15479,"date":"2019-12-31T13:50:10","date_gmt":"2019-12-31T13:50:10","guid":{"rendered":"http:\/\/motionfood.ch\/?page_id=15479"},"modified":"2022-11-21T13:59:42","modified_gmt":"2022-11-21T13:59:42","slug":"social-media-video","status":"publish","type":"page","link":"https:\/\/motionfood.ch\/en\/home\/angebot\/social-media-video\/","title":{"rendered":"SOCIAL MEDIA VIDEO"},"content":{"rendered":"<div      class=\"vc_row wpb_row section vc_row-fluid \" style=' text-align:left;'><div class=\" full_section_inner clearfix\"><div class=\"wpb_column vc_column_container vc_col-sm-12\"><div class=\"vc_column-inner\"><div class=\"wpb_wrapper\"><div class=\"wpb_layerslider_element wpb_content_element\"><script type=\"text\/javascript\">var lsjQuery = jQuery;lsjQuery(document).ready(function() {\r\nif(typeof lsjQuery.fn.layerSlider == \"undefined\") {\r\nif( window._layerSlider && window._layerSlider.showNotice) { \r\nwindow._layerSlider.showNotice('layerslider_4','jquery');\r\n}\r\n} else {\r\nlsjQuery(\"#layerslider_4\").layerSlider({createdWith: '6.10.0', sliderVersion: '6.10.0', allowFullscreen: false, slideOnSwipe: false, skin: 'v6', navPrevNext: false, hoverPrevNext: false, navStartStop: false, navButtons: false, showCircleTimer: false, autoPauseSlideshow: 'enabled', skinsPath: 'https:\/\/motionfood.ch\/wp-content\/plugins\/LayerSlider\/static\/layerslider\/skins\/'});\r\n}\r\n});\r\n<\/script><div id=\"layerslider_4\" class=\"ls-wp-container fitvidsignore\" style=\"width:1280px;height:720px;margin:0 auto;margin-bottom: 0px;\"><div class=\"ls-slide\" data-ls=\"kenburnsscale:1.2;\"><div style=\"top:-2px;left:0px;background-size:inherit;background-position:inherit;width:1281px;height:721px;font-size:26px;\" class=\"ls-l\" data-ls=\"autoplay:enabled;showinfo:disabled;controls:disabled;fillmode:contain;muted:enabled;loopmedia:enabled;\"><video width=\"640\" height=\"360\" preload=\"metadata\" controls>\r\n\t<source src=\"\/wp-content\/uploads\/2022\/02\/1-motionfood_zubereitung_wasinger_mediahouse_film_livestream_zurich.mp4\" type=\"video\/mp4\">\r\n<\/source><\/video><\/div><\/div><\/div><\/div><\/div><\/div><\/div><\/div><\/div><div      class=\"vc_row wpb_row section vc_row-fluid  vc_custom_1521120762939 grid_section\" style=' text-align:left;'><div class=\" section_inner clearfix\"><div class='section_inner_margin clearfix'><div class=\"wpb_column vc_column_container vc_col-sm-12 vc_col-md-6\"><div class=\"vc_column-inner\"><div class=\"wpb_wrapper\"><div class='q_elements_holder one_column responsive_mode_from_768' ><div class='q_elements_item ' data-1024-1280='2% 9% 0px 0px' data-768-1024='0px' data-600-768='0% 3% 80px 0px' data-480-600='0% 3% 80px 0px' data-480='0% 3% 80px 0px' data-animation='no' data-item-class='q_elements_holder_custom_720089'><div class='q_elements_item_inner'><div class='q_elements_item_content q_elements_holder_custom_720089' style='padding:4% 9% 0px 0px'>\n\t<div class=\"wpb_text_column wpb_content_element \">\n\t\t<div class=\"wpb_wrapper\">\n\t\t\t<div class=\"wpb_text_column wpb_content_element \">\n<div class=\"wpb_wrapper\">\n<h2><span style=\"font-family: Montserrat;\">SOCIAL MEDIA VIDEO &#8211; EINZELVIDEO ODER KAMPAGNE<\/span><\/h2>\n<\/div>\n<\/div>\n\n\t\t<\/div> \n\t<\/div> <div class=\"separator  small left  \" style=\"margin-top: 20px;margin-bottom: 35px;background-color: #f19024;height: 2px;width: 60px;\"><\/div>\n\n\t<div class=\"wpb_text_column wpb_content_element \">\n\t\t<div class=\"wpb_wrapper\">\n\t\t\t<div class=\"wpb_text_column wpb_content_element \">\n<div class=\"wpb_wrapper\">\n<p><span style=\"font-weight: 400;\">Social Media ist heute einer der wichtigsten Kan\u00e4le, um ein Produkt ohne Umwege zur Kundschaft zu f\u00fchren. Bereits bei den Aufnahmen wird darauf geachtet, dass die Videos passend f\u00fcr das gew\u00fcnschte Publikationsmedium im richtigen Format gedreht werden, damit der Bildausschnitt stimmt. Die Videos werden in den ben\u00f6tigten L\u00e4ngen aufbereitet, damit Sie alle Ihre Kan\u00e4le bespielen k\u00f6nnen. Ein professionelles Coverbild geh\u00f6rt auch dazu. So erreichen Sie Ihre Zielgruppe effektiv und steigern die Reichweite Ihrer Kampagne. Wir liefern das komplette Social Media Paket!<\/span><\/p>\n<\/div>\n<\/div>\n\n\t\t<\/div> \n\t<\/div> <\/div><\/div><\/div><\/div><\/div><\/div><\/div><div class=\"wpb_column vc_column_container vc_col-sm-12 vc_col-md-6\"><div class=\"vc_column-inner\"><div class=\"wpb_wrapper\">\t<div class=\"vc_empty_space\"  style=\"height: 35px\" ><span\n\t\t\tclass=\"vc_empty_space_inner\">\n\t\t\t<span class=\"empty_space_image\"  ><\/span>\n\t\t<\/span><\/div>\n\n<a  itemprop=\"url\" href=\"https:\/\/motionfood.ch\/de\/home\/kontakt\/\" target=\"_self\"  class=\"qbutton  default\" style=\"\">Kontaktieren Sie uns<\/a><\/div><\/div><\/div><\/div><\/div><\/div><div      class=\"vc_row wpb_row section vc_row-fluid \" style=' text-align:left;'><div class=\" full_section_inner clearfix\"><div class=\"wpb_column vc_column_container vc_col-sm-6\"><div class=\"vc_column-inner\"><div class=\"wpb_wrapper\">\n\t<div class=\"wpb_text_column wpb_content_element \">\n\t\t<div class=\"wpb_wrapper\">\n\t\t\t<p style=\"text-align: center;\"><span style=\"font-size: 14pt;\"><strong>Your Nutrition Journey \u2013 Power Bowl Instagram Story<\/strong><\/span><\/p>\n\n\t\t<\/div> \n\t<\/div> \t<div class=\"vc_empty_space\"  style=\"height: 25px\" ><span\n\t\t\tclass=\"vc_empty_space_inner\">\n\t\t\t<span class=\"empty_space_image\"  ><\/span>\n\t\t<\/span><\/div>\n\n<div class=\"qode_video_box\">\n\t<a itemprop=\"image\" class=\"qode_video_image\" href=\"https:\/\/www.youtube.com\/watch?v=cCk6MvEJmZw&#038;feature=youtu.be\" data-rel=\"prettyPhoto\">\n\t\t\t\n\t\t\t<img decoding=\"async\" src=\"https:\/\/motionfood.ch\/wp-content\/uploads\/2020\/04\/instagram_rezeptfilm_wasinger_filmproduktion_zurich.jpg\" \/>\n\t\t\t<span class=\"qode_video_box_button_holder\">\n\t\t\t\t<span class=\"qode_video_box_button\">\n\t\t\t\t\t<span class=\"qode_video_box_button_arrow\">\n\t\t\t\t\t<\/span>\n\t\t\t\t<\/span>\n\t\t\t<\/span>\n\t\t\t<\/a>\n<\/div><\/div><\/div><\/div><div class=\"wpb_column vc_column_container vc_col-sm-6\"><div class=\"vc_column-inner\"><div class=\"wpb_wrapper\">\n\t<div class=\"wpb_single_image wpb_content_element vc_align_left  qode_image_hover_zoom_in\">\n\t\t<div class=\"wpb_wrapper\">\n\t\t\t\n\t\t\t<div class=\"vc_single_image-wrapper   vc_box_border_grey\"><img fetchpriority=\"high\" decoding=\"async\" width=\"1024\" height=\"683\" src=\"https:\/\/motionfood.ch\/wp-content\/uploads\/2020\/01\/motionfood_social_media_video_videoproduktion_filmproduktion_food_zurich-1024x683.jpg\" class=\"vc_single_image-img attachment-large\" alt=\"\" srcset=\"https:\/\/motionfood.ch\/wp-content\/uploads\/2020\/01\/motionfood_social_media_video_videoproduktion_filmproduktion_food_zurich-1024x683.jpg 1024w, https:\/\/motionfood.ch\/wp-content\/uploads\/2020\/01\/motionfood_social_media_video_videoproduktion_filmproduktion_food_zurich-300x200.jpg 300w, https:\/\/motionfood.ch\/wp-content\/uploads\/2020\/01\/motionfood_social_media_video_videoproduktion_filmproduktion_food_zurich-768x512.jpg 768w, https:\/\/motionfood.ch\/wp-content\/uploads\/2020\/01\/motionfood_social_media_video_videoproduktion_filmproduktion_food_zurich-700x467.jpg 700w, https:\/\/motionfood.ch\/wp-content\/uploads\/2020\/01\/motionfood_social_media_video_videoproduktion_filmproduktion_food_zurich.jpg 1329w\" sizes=\"(max-width: 1024px) 100vw, 1024px\" \/><\/div>\n\t\t<\/div>\n\t<\/div>\n\t<div class=\"vc_empty_space\"  style=\"height: 62px\" ><span\n\t\t\tclass=\"vc_empty_space_inner\">\n\t\t\t<span class=\"empty_space_image\"  ><\/span>\n\t\t<\/span><\/div>\n\n\n\t<div class=\"wpb_text_column wpb_content_element \">\n\t\t<div class=\"wpb_wrapper\">\n\t\t\t<p style=\"text-align: center;\"><span style=\"font-size: 14pt;\"><strong>Miele \u2013 Betty Bossi<\/strong><\/span><\/p>\n\n\t\t<\/div> \n\t<\/div> \t<div class=\"vc_empty_space\"  style=\"height: 25px\" ><span\n\t\t\tclass=\"vc_empty_space_inner\">\n\t\t\t<span class=\"empty_space_image\"  ><\/span>\n\t\t<\/span><\/div>\n\n\n\t<div class=\"wpb_text_column wpb_content_element \">\n\t\t<div class=\"wpb_wrapper\">\n\t\t\t <style> #h5vp69decc9eabe40 .h5vp_video_overlay{ top:10px; left:10px; } #h5vp69decc9eabe40 { overflow:hidden }#h5vp69decc9eabe40 .h5vp_video_overlay p { color:#ffffff }#h5vp69decc9eabe40 .h5vp_video_overlay p { font-size:20px }#h5vp69decc9eabe40 .h5vp_popup svg { background:#f19024 }#h5vp69decc9eabe40 .h5vp_video_overlay p:hover { color:#ffffff } <\/style>         <div> \r\n        <div class=\"h5vp_player h5vp_player_initializer\" id=\"h5vp69decc9eabe40\" data-settings='{&quot;options&quot;:{&quot;controls&quot;:[&quot;play-large&quot;,&quot;play&quot;,&quot;progress&quot;,&quot;current-time&quot;,&quot;volume&quot;,&quot;captions&quot;,&quot;fullscreen&quot;],&quot;tooltips&quot;:{&quot;controls&quot;:true,&quot;seek&quot;:true},&quot;seekTime&quot;:10,&quot;loop&quot;:{&quot;active&quot;:false},&quot;autoplay&quot;:false,&quot;muted&quot;:false,&quot;hideControls&quot;:true,&quot;resetOnEnd&quot;:true,&quot;captions&quot;:{&quot;active&quot;:true,&quot;update&quot;:true}},&quot;infos&quot;:{&quot;id&quot;:0,&quot;startTime&quot;:0,&quot;popup&quot;:false,&quot;sticky&quot;:false,&quot;protected&quot;:false,&quot;video&quot;:{&quot;source&quot;:&quot;https:\\\/\\\/motionfood.ch\\\/wp-content\\\/uploads\\\/2022\\\/05\\\/Miele_AG_Betty-Bossi__Mindfulness_-_Bunter_Tofusalat_-_Social_Content-720p.mp4&quot;,&quot;poster&quot;:false,&quot;quality&quot;:false,&quot;subtitle&quot;:false},&quot;provider&quot;:&quot;library&quot;,&quot;branding&quot;:false,&quot;endscreen&quot;:false,&quot;endscreen_text&quot;:false,&quot;endscreen_text_link&quot;:false,&quot;streaming&quot;:false,&quot;propagans&quot;:false,&quot;streamingType&quot;:&quot;hls&quot;,&quot;disableDownload&quot;:false,&quot;disablePause&quot;:false,&quot;thumbInPause&quot;:false,&quot;FYT&quot;:false,&quot;chapters&quot;:false,&quot;nothing&quot;:&quot;false&quot;}}' video-id=\"14\" \r\n                style=\"--plyr-color-main: #f19024;\">\r\n\t\t\t<!-- sticky close  -->\r\n\t\t\t<div class=\"sticky_close\">&times;<\/div>\r\n\t\t\t<div class=\"popup_close_btn\">&times;<\/div>\r\n\t\t\t\r\n\t\t\t\t\t\t\t<!-- for library  -->\r\n\t\t\t\t\t\t\t\t<video data-poster=\"\"\r\n\t\t\t\t\tpreload=\"metadata\">\r\n\t\t\t\t\tYour browser does not support the video tag.\r\n\t\t\t\t<\/video>\r\n\r\n\t\t\t\t<!-- for youtube -->\r\n\t\t\t\t\t\t\t\t\t\t<\/div>\r\n        <\/div>\r\n        \n\n\t\t<\/div> \n\t<\/div> <\/div><\/div><\/div><\/div><\/div><div      class=\"vc_row wpb_row section vc_row-fluid \" style=' text-align:left;'><div class=\" full_section_inner clearfix\"><div class=\"wpb_column vc_column_container vc_col-sm-12\"><div class=\"vc_column-inner\"><div class=\"wpb_wrapper\">\t<div class=\"vc_empty_space\"  style=\"height: 50px\" ><span\n\t\t\tclass=\"vc_empty_space_inner\">\n\t\t\t<span class=\"empty_space_image\"  ><\/span>\n\t\t<\/span><\/div>\n\n<\/div><\/div><\/div><\/div><\/div>\n","protected":false},"excerpt":{"rendered":"  SOCIAL MEDIA VIDEO - EINZELVIDEO ODER KAMPAGNE Social Media ist heute einer der wichtigsten Kan\u00e4le, um ein Produkt ohne Umwege zur Kundschaft zu f\u00fchren. Bereits bei den Aufnahmen wird darauf geachtet, dass die Videos passend f\u00fcr das gew\u00fcnschte Publikationsmedium im richtigen Format...","protected":false},"author":1,"featured_media":16712,"parent":91,"menu_order":0,"comment_status":"closed","ping_status":"open","template":"","meta":{"om_disable_all_campaigns":false,"_monsterinsights_skip_tracking":false,"_monsterinsights_sitenote_active":false,"_monsterinsights_sitenote_note":"","_monsterinsights_sitenote_category":0,"footnotes":""},"class_list":["post-15479","page","type-page","status-publish","has-post-thumbnail","hentry"],"aioseo_notices":[],"_links":{"self":[{"href":"https:\/\/motionfood.ch\/en\/wp-json\/wp\/v2\/pages\/15479","targetHints":{"allow":["GET"]}}],"collection":[{"href":"https:\/\/motionfood.ch\/en\/wp-json\/wp\/v2\/pages"}],"about":[{"href":"https:\/\/motionfood.ch\/en\/wp-json\/wp\/v2\/types\/page"}],"author":[{"embeddable":true,"href":"https:\/\/motionfood.ch\/en\/wp-json\/wp\/v2\/users\/1"}],"replies":[{"embeddable":true,"href":"https:\/\/motionfood.ch\/en\/wp-json\/wp\/v2\/comments?post=15479"}],"version-history":[{"count":36,"href":"https:\/\/motionfood.ch\/en\/wp-json\/wp\/v2\/pages\/15479\/revisions"}],"predecessor-version":[{"id":16703,"href":"https:\/\/motionfood.ch\/en\/wp-json\/wp\/v2\/pages\/15479\/revisions\/16703"}],"up":[{"embeddable":true,"href":"https:\/\/motionfood.ch\/en\/wp-json\/wp\/v2\/pages\/91"}],"wp:featuredmedia":[{"embeddable":true,"href":"https:\/\/motionfood.ch\/en\/wp-json\/wp\/v2\/media\/16712"}],"wp:attachment":[{"href":"https:\/\/motionfood.ch\/en\/wp-json\/wp\/v2\/media?parent=15479"}],"curies":[{"name":"wp","href":"https:\/\/api.w.org\/{rel}","templated":true}]}}