{"id":91,"date":"2018-03-15T14:10:05","date_gmt":"2018-03-15T14:10:05","guid":{"rendered":"http:\/\/bridge184.qodeinteractive.com\/?page_id=91"},"modified":"2022-11-21T13:52:06","modified_gmt":"2022-11-21T13:52:06","slug":"angebot","status":"publish","type":"page","link":"https:\/\/motionfood.ch\/de\/home\/angebot\/","title":{"rendered":"Angebot"},"content":{"rendered":"<div      class=\"vc_row wpb_row section vc_row-fluid  vc_custom_1521196563547 grid_section\" style=' text-align:center;'><div class=\" section_inner clearfix\"><div class='section_inner_margin clearfix'><div class=\"wpb_column vc_column_container vc_col-sm-12 vc_col-md-4\"><div class=\"vc_column-inner vc_custom_1521114061011\"><div class=\"wpb_wrapper\"><div class='q_icon_with_title tiny custom_icon_image center '><div class=\"icon_holder \" style=\" \"><img decoding=\"async\" itemprop=\"image\" style=\"\" src=\"https:\/\/motionfood.ch\/wp-content\/uploads\/2022\/10\/MF_kontakt.png\" alt=\"\"><\/div><div class=\"icon_text_holder\" style=\"\"><div class=\"icon_text_inner\" style=\"\"><h4 class=\"icon_title\" style=\"\">1. Kontakt<\/h4><p style=''>Nehmen Sie Kontakt auf! Sie k\u00f6nnen uns sowohl per E-Mail als auch \u00fcber die sozialen Medien oder per Telefon erreichen. Lassen Sie uns einen Kaffee trinken!<\/p><\/div><\/div><\/div>\t<div class=\"vc_empty_space\"  style=\"height: 50px\" ><span\n\t\t\tclass=\"vc_empty_space_inner\">\n\t\t\t<span class=\"empty_space_image\"  ><\/span>\n\t\t<\/span><\/div>\n\n<\/div><\/div><\/div><div class=\"wpb_column vc_column_container vc_col-sm-12 vc_col-md-4\"><div class=\"vc_column-inner vc_custom_1521114066864\"><div class=\"wpb_wrapper\"><div class='q_icon_with_title tiny custom_icon_image center '><div class=\"icon_holder \" style=\" \"><img decoding=\"async\" itemprop=\"image\" style=\"\" src=\"https:\/\/motionfood.ch\/wp-content\/uploads\/2022\/10\/MF_konzept-1.png\" alt=\"\"><\/div><div class=\"icon_text_holder\" style=\"\"><div class=\"icon_text_inner\" style=\"\"><h4 class=\"icon_title\" style=\"\">2. Konzept<\/h4><p style=''>Wir entwickeln Konzepte f\u00fcr Videos und unterst\u00fctzen Sie bei der Erstellung von hochwertigen Videos. Lassen Sie ein beeindruckendes Food-Video speziell f\u00fcr Ihre Marke erstellen.<\/p><\/div><\/div><\/div>\t<div class=\"vc_empty_space\"  style=\"height: 50px\" ><span\n\t\t\tclass=\"vc_empty_space_inner\">\n\t\t\t<span class=\"empty_space_image\"  ><\/span>\n\t\t<\/span><\/div>\n\n<\/div><\/div><\/div><div class=\"wpb_column vc_column_container vc_col-sm-12 vc_col-md-4\"><div class=\"vc_column-inner vc_custom_1521114073275\"><div class=\"wpb_wrapper\"><div class='q_icon_with_title tiny custom_icon_image center '><div class=\"icon_holder \" style=\" \"><img decoding=\"async\" itemprop=\"image\" style=\"\" src=\"https:\/\/motionfood.ch\/wp-content\/uploads\/2022\/10\/MF_planung.png\" alt=\"\"><\/div><div class=\"icon_text_holder\" style=\"\"><div class=\"icon_text_inner\" style=\"\"><h4 class=\"icon_title\" style=\"\">3. Planung<\/h4><p style=''>Wir \u00fcbernehmen die Planung, Koordination und Organisation des Videodrehs sowie die Aufbereitung des Materials f\u00fcr den Dreh. Wir sorgen auch f\u00fcr die Einweisung des ben\u00f6tigten Teams.<\/p><\/div><\/div><\/div>\t<div class=\"vc_empty_space\"  style=\"height: 50px\" ><span\n\t\t\tclass=\"vc_empty_space_inner\">\n\t\t\t<span class=\"empty_space_image\"  ><\/span>\n\t\t<\/span><\/div>\n\n<\/div><\/div><\/div><\/div><\/div><\/div><div      class=\"vc_row wpb_row section vc_row-fluid  vc_custom_1521196569396 grid_section\" style=' text-align:center;'><div class=\" section_inner clearfix\"><div class='section_inner_margin clearfix'><div class=\"wpb_column vc_column_container vc_col-sm-12 vc_col-md-4\"><div class=\"vc_column-inner vc_custom_1521114061011\"><div class=\"wpb_wrapper\"><div class='q_icon_with_title tiny custom_icon_image center '><div class=\"icon_holder \" style=\" \"><img decoding=\"async\" itemprop=\"image\" style=\"\" src=\"https:\/\/motionfood.ch\/wp-content\/uploads\/2022\/10\/MF_filmproduktion.png\" alt=\"\"><\/div><div class=\"icon_text_holder\" style=\"\"><div class=\"icon_text_inner\" style=\"\"><h4 class=\"icon_title\" style=\"\">4. Filmproduktion<\/h4><p style=''>Zeit, mit den Drehtagen zu beginnen! Wir arbeiten mit der neuesten Technologie, um Ihre Visionen und W\u00fcnsche zu verwirklichen. Auf Anfrage k\u00f6nnen wir ein einzigartiges Making-of-Video produzieren.<\/p><\/div><\/div><\/div>\t<div class=\"vc_empty_space\"  style=\"height: 50px\" ><span\n\t\t\tclass=\"vc_empty_space_inner\">\n\t\t\t<span class=\"empty_space_image\"  ><\/span>\n\t\t<\/span><\/div>\n\n<\/div><\/div><\/div><div class=\"wpb_column vc_column_container vc_col-sm-12 vc_col-md-4\"><div class=\"vc_column-inner vc_custom_1521114066864\"><div class=\"wpb_wrapper\"><div class='q_icon_with_title tiny custom_icon_image center '><div class=\"icon_holder \" style=\" \"><img decoding=\"async\" itemprop=\"image\" style=\"\" src=\"https:\/\/motionfood.ch\/wp-content\/uploads\/2022\/10\/MF_nachbearbeitung.png\" alt=\"\"><\/div><div class=\"icon_text_holder\" style=\"\"><div class=\"icon_text_inner\" style=\"\"><h4 class=\"icon_title\" style=\"\">5. Nachbearbeitung<\/h4><p style=''>In der Postproduktion liegt der Schwerpunkt auf der Bearbeitung des Videos, der Farbkorrektur, dem Sounddesign und dem Setzen von Titeln und Grafiken.<\/p><\/div><\/div><\/div>\t<div class=\"vc_empty_space\"  style=\"height: 50px\" ><span\n\t\t\tclass=\"vc_empty_space_inner\">\n\t\t\t<span class=\"empty_space_image\"  ><\/span>\n\t\t<\/span><\/div>\n\n<\/div><\/div><\/div><div class=\"wpb_column vc_column_container vc_col-sm-12 vc_col-md-4\"><div class=\"vc_column-inner vc_custom_1521114073275\"><div class=\"wpb_wrapper\"><div class='q_icon_with_title tiny custom_icon_image center '><div class=\"icon_holder \" style=\" \"><img decoding=\"async\" itemprop=\"image\" style=\"\" src=\"https:\/\/motionfood.ch\/wp-content\/uploads\/2022\/10\/MF_publikation.png\" alt=\"\"><\/div><div class=\"icon_text_holder\" style=\"\"><div class=\"icon_text_inner\" style=\"\"><h4 class=\"icon_title\" style=\"\">6. Publikation<\/h4><p style=''>Ver\u00f6ffentlichung! Wir bereiten die Videos in allen gew\u00fcnschten Formaten und L\u00e4ngen f\u00fcr Social Media, TV und Screen vor.<\/p><\/div><\/div><\/div>\t<div class=\"vc_empty_space\"  style=\"height: 50px\" ><span\n\t\t\tclass=\"vc_empty_space_inner\">\n\t\t\t<span class=\"empty_space_image\"  ><\/span>\n\t\t<\/span><\/div>\n\n<\/div><\/div><\/div><\/div><\/div><\/div><div      class=\"vc_row wpb_row section vc_row-fluid \" style=' text-align:left;'><div class=\" full_section_inner clearfix\"><div class=\"wpb_column vc_column_container vc_col-sm-12\"><div class=\"vc_column-inner\"><div class=\"wpb_wrapper\"><\/div><\/div><\/div><\/div><\/div>\n","protected":false},"excerpt":{"rendered":"1. KontaktNehmen Sie Kontakt auf! Sie k\u00f6nnen uns sowohl per E-Mail als auch \u00fcber die sozialen Medien oder per Telefon erreichen. Lassen Sie uns einen Kaffee trinken! 2. KonzeptWir entwickeln Konzepte f\u00fcr Videos und unterst\u00fctzen Sie bei der Erstellung von hochwertigen Videos. Lassen Sie ein...","protected":false},"author":1,"featured_media":16707,"parent":16266,"menu_order":0,"comment_status":"closed","ping_status":"closed","template":"","meta":{"om_disable_all_campaigns":false,"_monsterinsights_skip_tracking":false,"_monsterinsights_sitenote_active":false,"_monsterinsights_sitenote_note":"","_monsterinsights_sitenote_category":0,"footnotes":""},"class_list":["post-91","page","type-page","status-publish","has-post-thumbnail","hentry"],"aioseo_notices":[],"_links":{"self":[{"href":"https:\/\/motionfood.ch\/de\/wp-json\/wp\/v2\/pages\/91","targetHints":{"allow":["GET"]}}],"collection":[{"href":"https:\/\/motionfood.ch\/de\/wp-json\/wp\/v2\/pages"}],"about":[{"href":"https:\/\/motionfood.ch\/de\/wp-json\/wp\/v2\/types\/page"}],"author":[{"embeddable":true,"href":"https:\/\/motionfood.ch\/de\/wp-json\/wp\/v2\/users\/1"}],"replies":[{"embeddable":true,"href":"https:\/\/motionfood.ch\/de\/wp-json\/wp\/v2\/comments?post=91"}],"version-history":[{"count":28,"href":"https:\/\/motionfood.ch\/de\/wp-json\/wp\/v2\/pages\/91\/revisions"}],"predecessor-version":[{"id":16699,"href":"https:\/\/motionfood.ch\/de\/wp-json\/wp\/v2\/pages\/91\/revisions\/16699"}],"up":[{"embeddable":true,"href":"https:\/\/motionfood.ch\/de\/wp-json\/wp\/v2\/pages\/16266"}],"wp:featuredmedia":[{"embeddable":true,"href":"https:\/\/motionfood.ch\/de\/wp-json\/wp\/v2\/media\/16707"}],"wp:attachment":[{"href":"https:\/\/motionfood.ch\/de\/wp-json\/wp\/v2\/media?parent=91"}],"curies":[{"name":"wp","href":"https:\/\/api.w.org\/{rel}","templated":true}]}}