{"id":16632,"date":"2022-10-17T10:00:19","date_gmt":"2022-10-17T10:00:19","guid":{"rendered":"https:\/\/motionfood.ch\/?page_id=16632"},"modified":"2022-10-17T10:01:02","modified_gmt":"2022-10-17T10:01:02","slug":"about-us","status":"publish","type":"page","link":"https:\/\/motionfood.ch\/de\/home-en\/about-us\/","title":{"rendered":"About us"},"content":{"rendered":"<div      class=\"vc_row wpb_row section vc_row-fluid \" style=' text-align:left;'><div class=\" full_section_inner clearfix\"><div class=\"wpb_column vc_column_container vc_col-sm-12\"><div class=\"vc_column-inner\"><div class=\"wpb_wrapper\">\t<div class=\"vc_empty_space\"  style=\"height: 80px\" ><span\n\t\t\tclass=\"vc_empty_space_inner\">\n\t\t\t<span class=\"empty_space_image\"  ><\/span>\n\t\t<\/span><\/div>\n\n<\/div><\/div><\/div><\/div><\/div><div      class=\"vc_row wpb_row section vc_row-fluid  vc_custom_1521120762939 grid_section\" style=' text-align:left;'><div class=\" section_inner clearfix\"><div class='section_inner_margin clearfix'><div class=\"wpb_column vc_column_container vc_col-sm-12 vc_col-md-6\"><div class=\"vc_column-inner\"><div class=\"wpb_wrapper\"><div class='q_elements_holder one_column responsive_mode_from_768' ><div class='q_elements_item ' data-1024-1280='2% 9% 0px 0px' data-768-1024='0px' data-600-768='0% 3% 80px 0px' data-480-600='0% 3% 80px 0px' data-480='0% 3% 80px 0px' data-animation='no' data-item-class='q_elements_holder_custom_454032'><div class='q_elements_item_inner'><div class='q_elements_item_content q_elements_holder_custom_454032' style='padding:4% 9% 0px 0px'>\n\t<div class=\"wpb_text_column wpb_content_element \">\n\t\t<div class=\"wpb_wrapper\">\n\t\t\t<h2>Aus welchen Zutaten besteht motionfood?<\/h2>\n\n\t\t<\/div> \n\t<\/div> <div class=\"separator  small left  \" style=\"margin-top: 20px;margin-bottom: 35px;background-color: #f19024;height: 2px;width: 60px;\"><\/div>\n\n\t<div class=\"wpb_text_column wpb_content_element \">\n\t\t<div class=\"wpb_wrapper\">\n\t\t\t<p><strong>motionfood<\/strong>\u00a0hat das Rezept f\u00fcr raffinierte und appetitliche Food Filme perfektioniert.<\/p>\n<div>Hervorgegangen aus\u00a0<a href=\"http:\/\/www.pascalwasinger.com\/\" target=\"_blank\" rel=\"noopener\" data-saferedirecturl=\"https:\/\/www.google.com\/url?q=http:\/\/www.pascalwasinger.com\/&amp;source=gmail&amp;ust=1641918554418000&amp;usg=AOvVaw2YZt09eUDNuIBFGZZ3uZXv\">Pascal Wasinger Studio<\/a>\u00a0in Z\u00fcrich, das seit Jahren zahlreiche Projekte f\u00fcr namhafte Unternehmen im Bereich Werbung und Image realisiert, ist motionfood\u00a0nun Teil der Wasinger Media House GmbH und deckt als spezialisierter Unternehmensbereich das Gebiet professioneller Food-Videos f\u00fcr die Lebensmittel-Industrie, Gastronomie und Hotellerie ab.<\/div>\n<p>Unter anderem in der Zusammenarbeit mit dem\u00a0<a href=\"https:\/\/www.gaultmillau.ch\/\">Gault &amp; Millau Channel Schweiz<\/a> und der dazugeh\u00f6rigen Erfahrung mit Spitzenk\u00f6chen zeigt sich die Leidenschaft von motionfood f\u00fcr Food Filme. motionfood realisiert jede einzelne Videoproduktion wie ein gutes Rezept mit Liebe f\u00fcrs Detail\u2013 auch f\u00fcr Sie.\u00a0Auf den Geschmack gekommen?<\/p>\n<p>\u00c0 table, s&#8217;il vous pla\u00eet!<\/p>\n\n\t\t<\/div> \n\t<\/div> \t<div class=\"vc_empty_space\"  style=\"height: 42px\" ><span\n\t\t\tclass=\"vc_empty_space_inner\">\n\t\t\t<span class=\"empty_space_image\"  ><\/span>\n\t\t<\/span><\/div>\n\n<a  itemprop=\"url\" href=\"https:\/\/motionfood.ch\/de\/home\/kontakt\/\" target=\"_self\"  class=\"qbutton  default\" style=\"\">Kontaktieren Sie uns<\/a><\/div><\/div><\/div><\/div><\/div><\/div><\/div><div class=\"wpb_column vc_column_container vc_col-sm-12 vc_col-md-6\"><div class=\"vc_column-inner\"><div class=\"wpb_wrapper\">\n\t<div class=\"wpb_text_column wpb_content_element \">\n\t\t<div class=\"wpb_wrapper\">\n\t\t\t <style> #h5vp69e1e1cb909e7 .h5vp_video_overlay{ top:10px; left:10px; } #h5vp69e1e1cb909e7 { overflow:hidden }#h5vp69e1e1cb909e7 .h5vp_video_overlay p { color:#ffffff }#h5vp69e1e1cb909e7 .h5vp_video_overlay p { font-size:20px }#h5vp69e1e1cb909e7 .h5vp_popup svg { background:#f19024 }#h5vp69e1e1cb909e7 .h5vp_video_overlay p:hover { color:#ffffff } <\/style>         <div> \r\n        <div class=\"h5vp_player h5vp_player_initializer\" id=\"h5vp69e1e1cb909e7\" data-settings='{&quot;options&quot;:{&quot;controls&quot;:[&quot;play-large&quot;,&quot;play&quot;,&quot;progress&quot;,&quot;current-time&quot;,&quot;volume&quot;,&quot;captions&quot;,&quot;fullscreen&quot;],&quot;tooltips&quot;:{&quot;controls&quot;:true,&quot;seek&quot;:true},&quot;seekTime&quot;:10,&quot;loop&quot;:{&quot;active&quot;:false},&quot;autoplay&quot;:false,&quot;muted&quot;:false,&quot;hideControls&quot;:true,&quot;resetOnEnd&quot;:true,&quot;captions&quot;:{&quot;active&quot;:true,&quot;update&quot;:true}},&quot;infos&quot;:{&quot;id&quot;:0,&quot;startTime&quot;:0,&quot;popup&quot;:false,&quot;sticky&quot;:false,&quot;protected&quot;:false,&quot;video&quot;:{&quot;source&quot;:&quot;https:\\\/\\\/vimeo.com\\\/732137800&quot;,&quot;poster&quot;:false,&quot;quality&quot;:false,&quot;subtitle&quot;:false},&quot;provider&quot;:&quot;vimeo&quot;,&quot;branding&quot;:false,&quot;endscreen&quot;:false,&quot;endscreen_text&quot;:false,&quot;endscreen_text_link&quot;:false,&quot;streaming&quot;:false,&quot;propagans&quot;:false,&quot;streamingType&quot;:&quot;hls&quot;,&quot;disableDownload&quot;:false,&quot;disablePause&quot;:false,&quot;thumbInPause&quot;:false,&quot;FYT&quot;:false,&quot;chapters&quot;:false,&quot;nothing&quot;:&quot;false&quot;}}' video-id=\"44\" \r\n                style=\"--plyr-color-main: #f19024;\">\r\n\t\t\t<!-- sticky close  -->\r\n\t\t\t<div class=\"sticky_close\">&times;<\/div>\r\n\t\t\t<div class=\"popup_close_btn\">&times;<\/div>\r\n\t\t\t\r\n\t\t\t\t\t\t\t<!-- for library  -->\r\n\t\t\t\t\t\t\t\t\t<div  class=\"notlibrary\" data-plyr-provider=\"vimeo\" data-plyr-embed-id=\"https:\/\/vimeo.com\/732137800\"><\/div>\r\n\t\t\t\t\t\t\t\t\t\t<\/div>\r\n        <\/div>\r\n        \n\n\t\t<\/div> \n\t<\/div> <\/div><\/div><\/div><\/div><\/div><\/div><div      class=\"vc_row wpb_row section vc_row-fluid \" style=' text-align:left;'><div class=\" full_section_inner clearfix\"><div class=\"wpb_column vc_column_container vc_col-sm-12\"><div class=\"vc_column-inner\"><div class=\"wpb_wrapper\"><div class='q_icon_with_title medium normal_icon center '><div class=\"icon_holder \" style=\" \"><span data-icon-type=\"normal\"   style=\"\" class=\"qode_iwt_icon_holder q_font_awsome_icon fa-3x  \"><i class=\"qode_icon_font_awesome fa fa-film qode_iwt_icon_element\" style=\"\" ><\/i><\/span><\/div><div class=\"icon_text_holder\" style=\"\"><div class=\"icon_text_inner\" style=\"\"><h2 class=\"icon_title\" style=\"\">Meet The Team<\/h2><p style=''><\/p><\/div><\/div><\/div>\n\t<div class=\"wpb_single_image wpb_content_element vc_align_center\">\n\t\t<div class=\"wpb_wrapper\">\n\t\t\t\n\t\t\t<div class=\"vc_single_image-wrapper   vc_box_border_grey\"><img fetchpriority=\"high\" decoding=\"async\" width=\"1024\" height=\"321\" src=\"https:\/\/motionfood.ch\/wp-content\/uploads\/2022\/10\/team_wasinger_mediahouse_film_zurich-1024x321.jpg\" class=\"vc_single_image-img attachment-large\" alt=\"\" srcset=\"https:\/\/motionfood.ch\/wp-content\/uploads\/2022\/10\/team_wasinger_mediahouse_film_zurich-1024x321.jpg 1024w, https:\/\/motionfood.ch\/wp-content\/uploads\/2022\/10\/team_wasinger_mediahouse_film_zurich-300x94.jpg 300w, https:\/\/motionfood.ch\/wp-content\/uploads\/2022\/10\/team_wasinger_mediahouse_film_zurich-768x241.jpg 768w, https:\/\/motionfood.ch\/wp-content\/uploads\/2022\/10\/team_wasinger_mediahouse_film_zurich-1536x481.jpg 1536w, https:\/\/motionfood.ch\/wp-content\/uploads\/2022\/10\/team_wasinger_mediahouse_film_zurich-2048x642.jpg 2048w, https:\/\/motionfood.ch\/wp-content\/uploads\/2022\/10\/team_wasinger_mediahouse_film_zurich-18x6.jpg 18w, https:\/\/motionfood.ch\/wp-content\/uploads\/2022\/10\/team_wasinger_mediahouse_film_zurich-700x219.jpg 700w\" sizes=\"(max-width: 1024px) 100vw, 1024px\" \/><\/div>\n\t\t<\/div>\n\t<\/div>\n\t<div class=\"vc_empty_space\"  style=\"height: 32px\" ><span\n\t\t\tclass=\"vc_empty_space_inner\">\n\t\t\t<span class=\"empty_space_image\"  ><\/span>\n\t\t<\/span><\/div>\n\n<\/div><\/div><\/div><\/div><\/div><div      class=\"vc_row wpb_row section vc_row-fluid  grid_section\" style=' text-align:left;'><div class=\" section_inner clearfix\"><div class='section_inner_margin clearfix'><div class=\"wpb_column vc_column_container vc_col-sm-3\"><div class=\"vc_column-inner\"><div class=\"wpb_wrapper\"><div class='q_team info_description_below_image qode_team_disabled_hover'><div class='q_team_inner'><div class='q_team_image'><div class='q_team_image_holder'><img itemprop='image' src='https:\/\/motionfood.ch\/wp-content\/uploads\/2022\/05\/wasinger_mediahouse_livestream_agentur_fotograf_portrait_team_zurich_pascal_portait-scaled.jpg' alt='wasinger_mediahouse_livestream_agentur_fotograf_portrait_team_zurich_pascal_portait' \/><\/div><div class='q_team_text' ><div class='q_team_text_inner'><div class='q_team_title_holder'><h3 class='q_team_name' style = ''>Pascal Wasinger<\/h3><\/div><div class='separator small center' style = ''><\/div><div class='q_team_description_below_image_wrapper'><div class='q_team_description'><div class='q_team_description_inner'><p>Founder<\/p><\/div><\/div><\/div><\/div><\/div><div class='q_team_social_holder'><\/div><\/div><\/div><\/div><\/div><\/div><\/div><div class=\"wpb_column vc_column_container vc_col-sm-3\"><div class=\"vc_column-inner\"><div class=\"wpb_wrapper\"><div class='q_team info_description_below_image qode_team_disabled_hover'><div class='q_team_inner'><div class='q_team_image'><div class='q_team_image_holder'><img itemprop='image' src='https:\/\/motionfood.ch\/wp-content\/uploads\/2022\/05\/wasinger_mediahouse_livestream_agentur_fotograf_portrait_team_zurich_roberto_portait-scaled.jpg' alt='wasinger_mediahouse_livestream_agentur_fotograf_portrait_team_zurich_roberto_portait' \/><\/div><div class='q_team_text' ><div class='q_team_text_inner'><div class='q_team_title_holder'><h3 class='q_team_name' style = ''>Roberto Arias<\/h3><\/div><div class='separator small center' style = ''><\/div><div class='q_team_description_below_image_wrapper'><div class='q_team_description'><div class='q_team_description_inner'><p>Sales &amp; Marketing<\/p><\/div><\/div><\/div><\/div><\/div><div class='q_team_social_holder'><\/div><\/div><\/div><\/div><\/div><\/div><\/div><div class=\"wpb_column vc_column_container vc_col-sm-3\"><div class=\"vc_column-inner\"><div class=\"wpb_wrapper\"><div class='q_team info_description_below_image qode_team_disabled_hover'><div class='q_team_inner'><div class='q_team_image'><div class='q_team_image_holder'><img itemprop='image' src='https:\/\/motionfood.ch\/wp-content\/uploads\/2022\/05\/wasinger_mediahouse_livestream_agentur_fotograf_portrait_team_zurich_fuat_portait-scaled.jpg' alt='wasinger_mediahouse_livestream_agentur_fotograf_portrait_team_zurich_fuat_portait' \/><\/div><div class='q_team_text' ><div class='q_team_text_inner'><div class='q_team_title_holder'><h3 class='q_team_name' style = ''>Fuat Davulcu<\/h3><\/div><div class='separator small center' style = ''><\/div><div class='q_team_description_below_image_wrapper'><div class='q_team_description'><div class='q_team_description_inner'><p>Camera \/ Editor<\/p><\/div><\/div><\/div><\/div><\/div><div class='q_team_social_holder'><\/div><\/div><\/div><\/div><\/div><\/div><\/div><div class=\"wpb_column vc_column_container vc_col-sm-3\"><div class=\"vc_column-inner\"><div class=\"wpb_wrapper\"><div class='q_team info_description_below_image qode_team_disabled_hover'><div class='q_team_inner'><div class='q_team_image'><div class='q_team_image_holder'><img itemprop='image' src='https:\/\/motionfood.ch\/wp-content\/uploads\/2022\/05\/wasinger_mediahouse_livestream_agentur_fotograf_portrait_team_zurich_naomi_portait-scaled.jpg' alt='wasinger_mediahouse_livestream_agentur_fotograf_portrait_team_zurich_naomi_portait' \/><\/div><div class='q_team_text' ><div class='q_team_text_inner'><div class='q_team_title_holder'><h3 class='q_team_name' style = ''>Naomi Erlich<\/h3><\/div><div class='separator small center' style = ''><\/div><div class='q_team_description_below_image_wrapper'><div class='q_team_description'><div class='q_team_description_inner'><p>Projektleiterin \/ Produzentin<\/p><\/div><\/div><\/div><\/div><\/div><div class='q_team_social_holder'><\/div><\/div><\/div><\/div><\/div><\/div><\/div><\/div><\/div><\/div><div      class=\"vc_row wpb_row section vc_row-fluid  grid_section\" style=' text-align:left;'><div class=\" section_inner clearfix\"><div class='section_inner_margin clearfix'><div class=\"wpb_column vc_column_container vc_col-sm-3\"><div class=\"vc_column-inner\"><div class=\"wpb_wrapper\"><div class='q_team info_description_below_image qode_team_disabled_hover'><div class='q_team_inner'><div class='q_team_image'><div class='q_team_image_holder'><img itemprop='image' src='https:\/\/motionfood.ch\/wp-content\/uploads\/2022\/05\/wasinger_mediahouse_livestream_agentur_fotograf_portrait_team_zurich_cristina_portait-scaled.jpg' alt='wasinger_mediahouse_livestream_agentur_fotograf_portrait_team_zurich_cristina_portait' \/><\/div><div class='q_team_text' ><div class='q_team_text_inner'><div class='q_team_title_holder'><h3 class='q_team_name' style = ''>Cristina Garcia<\/h3><\/div><div class='separator small center' style = ''><\/div><div class='q_team_description_below_image_wrapper'><div class='q_team_description'><div class='q_team_description_inner'><p>Webdesigner \/ Content Manager<\/p><\/div><\/div><\/div><\/div><\/div><div class='q_team_social_holder'><\/div><\/div><\/div><\/div><\/div><\/div><\/div><div class=\"wpb_column vc_column_container vc_col-sm-3\"><div class=\"vc_column-inner\"><div class=\"wpb_wrapper\"><div class='q_team info_description_below_image qode_team_disabled_hover'><div class='q_team_inner'><div class='q_team_image'><div class='q_team_image_holder'><img itemprop='image' src='https:\/\/motionfood.ch\/wp-content\/uploads\/2022\/05\/team_motionfood_wasinger_fotograf_filmproduktion_zurich_livestream-9-scaled.jpg' alt='team_motionfood_wasinger_fotograf_filmproduktion_zurich_livestream-9' \/><\/div><div class='q_team_text' ><div class='q_team_text_inner'><div class='q_team_title_holder'><h3 class='q_team_name' style = ''>Ray Kroi<\/h3><\/div><div class='separator small center' style = ''><\/div><div class='q_team_description_below_image_wrapper'><div class='q_team_description'><div class='q_team_description_inner'><p>Filmproduzent<\/p><\/div><\/div><\/div><\/div><\/div><div class='q_team_social_holder'><\/div><\/div><\/div><\/div><\/div><\/div><\/div><div class=\"wpb_column vc_column_container vc_col-sm-3\"><div class=\"vc_column-inner\"><div class=\"wpb_wrapper\"><div class='q_team info_description_below_image qode_team_disabled_hover'><div class='q_team_inner'><div class='q_team_image'><div class='q_team_image_holder'><img itemprop='image' src='https:\/\/motionfood.ch\/wp-content\/uploads\/2022\/05\/team_motionfood_wasinger_fotograf_filmproduktion_zurich_livestream-10-scaled.jpg' alt='team_motionfood_wasinger_fotograf_filmproduktion_zurich_livestream-10' \/><\/div><div class='q_team_text' ><div class='q_team_text_inner'><div class='q_team_title_holder'><h3 class='q_team_name' style = ''>Roman Louis<\/h3><\/div><div class='separator small center' style = ''><\/div><div class='q_team_description_below_image_wrapper'><div class='q_team_description'><div class='q_team_description_inner'><p>Projektleiter \/ Produzent<\/p><\/div><\/div><\/div><\/div><\/div><div class='q_team_social_holder'><\/div><\/div><\/div><\/div><\/div><\/div><\/div><div class=\"wpb_column vc_column_container vc_col-sm-3\"><div class=\"vc_column-inner\"><div class=\"wpb_wrapper\"><div class='q_team info_description_below_image qode_team_disabled_hover'><div class='q_team_inner'><div class='q_team_image'><div class='q_team_image_holder'><img itemprop='image' src='https:\/\/motionfood.ch\/wp-content\/uploads\/2022\/10\/wasinger_mediahouse_livestream_agentur_fotograf_portrait_team_zurich_kwasi_portrait-scaled.jpg' alt='wasinger_mediahouse_livestream_agentur_fotograf_portrait_team_zurich_kwasi_portrait' \/><\/div><div class='q_team_text' ><div class='q_team_text_inner'><div class='q_team_title_holder'><h3 class='q_team_name' style = ''>Kwasi Osei<\/h3><\/div><div class='separator small center' style = ''><\/div><div class='q_team_description_below_image_wrapper'><div class='q_team_description'><div class='q_team_description_inner'><p>Foto &amp; Film Praktikant<\/p><\/div><\/div><\/div><\/div><\/div><div class='q_team_social_holder'><\/div><\/div><\/div><\/div><\/div><\/div><\/div><\/div><\/div><\/div><div      class=\"vc_row wpb_row section vc_row-fluid  vc_custom_1521114129000\" style='background-image:url(https:\/\/motionfood.ch\/wp-content\/uploads\/2018\/03\/home-backgrond-img-1.jpg); text-align:center;'><div class=\" full_section_inner clearfix\"><div class=\"wpb_column vc_column_container vc_col-sm-12\"><div class=\"vc_column-inner\"><div class=\"wpb_wrapper\">\n\t<div class=\"wpb_text_column wpb_content_element \">\n\t\t<div class=\"wpb_wrapper\">\n\t\t\t<h2><span style=\"font-family: Montserrat;\">Horsd\u2019\u0153uvre<\/span><\/h2>\n\n\t\t<\/div> \n\t<\/div> <div class=\"separator  small center  \" style=\"margin-top: 20px;background-color: #cca762;height: 2px;width: 60px;\"><\/div>\n<div      class=\"vc_row wpb_row section vc_row-fluid vc_inner  vc_custom_1521106526605 grid_section\" style=' text-align:center;'><div class=\" section_inner clearfix\"><div class='section_inner_margin clearfix'><div class=\"wpb_column vc_column_container vc_col-sm-12 vc_col-md-4\"><div class=\"vc_column-inner\"><div class=\"wpb_wrapper\"><div class=\"image_with_text\"><img decoding=\"async\" itemprop=\"image\" src=\"https:\/\/motionfood.ch\/wp-content\/uploads\/2020\/01\/motionfood_food_film_filmproduktion_videoproduktion_zurich-2-1.jpg\" alt=\"Pr\u00e4zise Bewegungen\" \/><h3 >Pr\u00e4zise Bewegungen<\/h3><span style=\"margin: 6px 0px;\" class=\"separator transparent\"><\/span><\/p>\n<h6><span style=\"color: #cca762; font-family: Montserrat;\">Motion<\/span><\/h6>\n<p><\/div>\t<div class=\"vc_empty_space\"  style=\"height: 50px\" ><span\n\t\t\tclass=\"vc_empty_space_inner\">\n\t\t\t<span class=\"empty_space_image\"  ><\/span>\n\t\t<\/span><\/div>\n\n<\/div><\/div><\/div><div class=\"wpb_column vc_column_container vc_col-sm-12 vc_col-md-4\"><div class=\"vc_column-inner\"><div class=\"wpb_wrapper\"><div class=\"image_with_text\"><img decoding=\"async\" itemprop=\"image\" src=\"https:\/\/motionfood.ch\/wp-content\/uploads\/2020\/01\/motionfood_food_film_filmproduktion_videoproduktion_zurich-3-1.jpg\" alt=\"Spektakul\u00e4re Szenarien\" \/><h3 >Spektakul\u00e4re Szenarien<\/h3><span style=\"margin: 6px 0px;\" class=\"separator transparent\"><\/span><\/p>\n<h6><span style=\"color: #cca762; font-family: Montserrat;\">Macro<\/span><\/h6>\n<p><\/div>\t<div class=\"vc_empty_space\"  style=\"height: 50px\" ><span\n\t\t\tclass=\"vc_empty_space_inner\">\n\t\t\t<span class=\"empty_space_image\"  ><\/span>\n\t\t<\/span><\/div>\n\n<\/div><\/div><\/div><div class=\"wpb_column vc_column_container vc_col-sm-12 vc_col-md-4\"><div class=\"vc_column-inner\"><div class=\"wpb_wrapper\"><div class=\"image_with_text\"><img decoding=\"async\" itemprop=\"image\" src=\"https:\/\/motionfood.ch\/wp-content\/uploads\/2020\/01\/motionfood_food_film_filmproduktion_videoproduktion_zurich-1-2.jpg\" alt=\"Professionelle Beleuchtung\" \/><h3 >Professionelle Beleuchtung<\/h3><span style=\"margin: 6px 0px;\" class=\"separator transparent\"><\/span><\/p>\n<h6><span style=\"color: #cca762; font-family: Montserrat;\">Light<\/span><\/h6>\n<p><\/div>\t<div class=\"vc_empty_space\"  style=\"height: 50px\" ><span\n\t\t\tclass=\"vc_empty_space_inner\">\n\t\t\t<span class=\"empty_space_image\"  ><\/span>\n\t\t<\/span><\/div>\n\n<\/div><\/div><\/div><\/div><\/div><\/div><\/div><\/div><\/div><\/div><\/div>\n","protected":false},"excerpt":{"rendered":"Aus welchen Zutaten besteht motionfood? motionfood\u00a0hat das Rezept f\u00fcr raffinierte und appetitliche Food Filme perfektioniert. Hervorgegangen aus\u00a0Pascal Wasinger Studio\u00a0in Z\u00fcrich, das seit Jahren zahlreiche Projekte f\u00fcr namhafte Unternehmen im Bereich Werbung und Image realisiert, ist motionfood\u00a0nun Teil der Wasinger Media House GmbH und deckt als...","protected":false},"author":1,"featured_media":0,"parent":16614,"menu_order":0,"comment_status":"closed","ping_status":"closed","template":"full_width.php","meta":{"om_disable_all_campaigns":false,"_monsterinsights_skip_tracking":false,"_monsterinsights_sitenote_active":false,"_monsterinsights_sitenote_note":"","_monsterinsights_sitenote_category":0,"footnotes":""},"class_list":["post-16632","page","type-page","status-publish","hentry"],"aioseo_notices":[],"_links":{"self":[{"href":"https:\/\/motionfood.ch\/de\/wp-json\/wp\/v2\/pages\/16632","targetHints":{"allow":["GET"]}}],"collection":[{"href":"https:\/\/motionfood.ch\/de\/wp-json\/wp\/v2\/pages"}],"about":[{"href":"https:\/\/motionfood.ch\/de\/wp-json\/wp\/v2\/types\/page"}],"author":[{"embeddable":true,"href":"https:\/\/motionfood.ch\/de\/wp-json\/wp\/v2\/users\/1"}],"replies":[{"embeddable":true,"href":"https:\/\/motionfood.ch\/de\/wp-json\/wp\/v2\/comments?post=16632"}],"version-history":[{"count":1,"href":"https:\/\/motionfood.ch\/de\/wp-json\/wp\/v2\/pages\/16632\/revisions"}],"predecessor-version":[{"id":16633,"href":"https:\/\/motionfood.ch\/de\/wp-json\/wp\/v2\/pages\/16632\/revisions\/16633"}],"up":[{"embeddable":true,"href":"https:\/\/motionfood.ch\/de\/wp-json\/wp\/v2\/pages\/16614"}],"wp:attachment":[{"href":"https:\/\/motionfood.ch\/de\/wp-json\/wp\/v2\/media?parent=16632"}],"curies":[{"name":"wp","href":"https:\/\/api.w.org\/{rel}","templated":true}]}}