{"id":16618,"date":"2022-10-17T09:53:47","date_gmt":"2022-10-17T09:53:47","guid":{"rendered":"https:\/\/motionfood.ch\/?page_id=16618"},"modified":"2022-10-17T09:55:15","modified_gmt":"2022-10-17T09:55:15","slug":"food-industry-en","status":"publish","type":"page","link":"https:\/\/motionfood.ch\/de\/home-en\/offer\/food-industry-en\/","title":{"rendered":"FOOD INDUSTRY EN"},"content":{"rendered":"<div      class=\"vc_row wpb_row section vc_row-fluid \" style=' text-align:left;'><div class=\" full_section_inner clearfix\"><div class=\"wpb_column vc_column_container vc_col-sm-12\"><div class=\"vc_column-inner\"><div class=\"wpb_wrapper\"><div class=\"wpb_layerslider_element wpb_content_element\"><script type=\"text\/javascript\">var lsjQuery = jQuery;lsjQuery(document).ready(function() {\r\nif(typeof lsjQuery.fn.layerSlider == \"undefined\") {\r\nif( window._layerSlider && window._layerSlider.showNotice) { \r\nwindow._layerSlider.showNotice('layerslider_8','jquery');\r\n}\r\n} else {\r\nlsjQuery(\"#layerslider_8\").layerSlider({createdWith: '6.10.0', sliderVersion: '6.10.0', allowFullscreen: false, slideOnSwipe: false, skin: 'v6', navPrevNext: false, hoverPrevNext: false, navStartStop: false, navButtons: false, showCircleTimer: false, autoPauseSlideshow: 'enabled', skinsPath: 'https:\/\/motionfood.ch\/wp-content\/plugins\/LayerSlider\/static\/layerslider\/skins\/'});\r\n}\r\n});\r\n<\/script><div id=\"layerslider_8\" class=\"ls-wp-container fitvidsignore\" style=\"width:1280px;height:720px;margin:0 auto;margin-bottom: 0px;\"><div class=\"ls-slide\" data-ls=\"kenburnsscale:1.2;\"><div style=\"top:-2px;left:0px;background-size:inherit;background-position:inherit;width:1281px;height:721px;font-size:26px;\" class=\"ls-l\" data-ls=\"autoplay:enabled;showinfo:disabled;controls:disabled;fillmode:contain;muted:enabled;loopmedia:enabled;\"><video width=\"640\" height=\"360\" preload=\"metadata\" controls>\r\n\t<source src=\"\/wp-content\/uploads\/2022\/08\/motionfood_foodindustry_wasinger_mediahouse_film_livestream_zurich.mp4\" type=\"video\/mp4\">\r\n<\/source><\/video>\n<\/div><\/div><\/div><\/div><\/div><\/div><\/div><\/div><\/div><div      class=\"vc_row wpb_row section vc_row-fluid  vc_custom_1521120762939 grid_section\" style=' text-align:left;'><div class=\" section_inner clearfix\"><div class='section_inner_margin clearfix'><div class=\"wpb_column vc_column_container vc_col-sm-6 vc_col-md-6\"><div class=\"vc_column-inner\"><div class=\"wpb_wrapper\"><div class='q_elements_holder one_column responsive_mode_from_768' ><div class='q_elements_item ' data-1024-1280='2% 9% 0px 0px' data-768-1024='0px' data-600-768='0% 3% 80px 0px' data-480-600='0% 3% 80px 0px' data-480='0% 3% 80px 0px' data-animation='no' data-item-class='q_elements_holder_custom_760326'><div class='q_elements_item_inner'><div class='q_elements_item_content q_elements_holder_custom_760326' style='padding:4% 9% 0px 0px'>\n\t<div class=\"wpb_text_column wpb_content_element \">\n\t\t<div class=\"wpb_wrapper\">\n\t\t\t<div class=\"wpb_text_column wpb_content_element \">\n<div class=\"wpb_wrapper\">\n<h2><span style=\"font-family: Montserrat;\">FOOD INDUSTRY<\/span><\/h2>\n<\/div>\n<\/div>\n\n\t\t<\/div> \n\t<\/div> <div class=\"separator  small left  \" style=\"margin-top: 20px;margin-bottom: 35px;background-color: #f19024;height: 2px;width: 60px;\"><\/div>\n\n\t<div class=\"wpb_text_column wpb_content_element \">\n\t\t<div class=\"wpb_wrapper\">\n\t\t\t<div class=\"wpb_text_column wpb_content_element \">\n<div class=\"wpb_wrapper\">\n<div>Wir produzieren erstklassige Werbespots f\u00fcr Lebensmittel-Hersteller, r\u00fccken das Produkt gekonnt ins beste Licht und kreieren eine starke visuelle Storyline, damit die Videos auch im anspruchsvollen Umfeld von Social Media erfolgreich eingesetzt werden k\u00f6nnen.<\/div>\n<div><\/div>\n<\/div>\n<\/div>\n\n\t\t<\/div> \n\t<\/div> <\/div><\/div><\/div><\/div><\/div><\/div><\/div><div class=\"wpb_column vc_column_container vc_col-sm-6\"><div class=\"vc_column-inner\"><div class=\"wpb_wrapper\">\t<div class=\"vc_empty_space\"  style=\"height: 42px\" ><span\n\t\t\tclass=\"vc_empty_space_inner\">\n\t\t\t<span class=\"empty_space_image\"  ><\/span>\n\t\t<\/span><\/div>\n\n<a  itemprop=\"url\" href=\"https:\/\/motionfood.ch\/de\/home\/kontakt\/\" target=\"_self\"  class=\"qbutton  default\" style=\"\">Kontaktieren Sie uns<\/a><\/div><\/div><\/div><\/div><\/div><\/div><div      class=\"vc_row wpb_row section vc_row-fluid \" style=' text-align:left;'><div class=\" full_section_inner clearfix\"><div class=\"wpb_column vc_column_container vc_col-sm-6\"><div class=\"vc_column-inner\"><div class=\"wpb_wrapper\">\n\t<div class=\"wpb_text_column wpb_content_element \">\n\t\t<div class=\"wpb_wrapper\">\n\t\t\t<p style=\"text-align: center;\"><strong><span style=\"font-size: 14pt;\">Straumann H\u00fcppen<\/span><\/strong><\/p>\n\n\t\t<\/div> \n\t<\/div> <div class=\"separator  small center  \" style=\"margin-top: 20px;margin-bottom: 35px;background-color: #f19024;height: 2px;width: 60px;\"><\/div>\n\t<div class=\"vc_empty_space\"  style=\"height: 10px\" ><span\n\t\t\tclass=\"vc_empty_space_inner\">\n\t\t\t<span class=\"empty_space_image\"  ><\/span>\n\t\t<\/span><\/div>\n\n\n\t<div class=\"wpb_text_column wpb_content_element \">\n\t\t<div class=\"wpb_wrapper\">\n\t\t\t <style> #h5vp6a09a8eca9565 .h5vp_video_overlay{ top:10px; left:10px; } #h5vp6a09a8eca9565 { overflow:hidden }#h5vp6a09a8eca9565 .h5vp_video_overlay p { color:#ffffff }#h5vp6a09a8eca9565 .h5vp_video_overlay p { font-size:20px }#h5vp6a09a8eca9565 .h5vp_popup svg { background:#f19024 }#h5vp6a09a8eca9565 .h5vp_video_overlay p:hover { color:#ffffff } <\/style>         <div> \r\n        <div class=\"h5vp_player h5vp_player_initializer\" id=\"h5vp6a09a8eca9565\" data-settings='{&quot;options&quot;:{&quot;controls&quot;:[&quot;play-large&quot;,&quot;play&quot;,&quot;progress&quot;,&quot;current-time&quot;,&quot;volume&quot;,&quot;captions&quot;,&quot;fullscreen&quot;],&quot;tooltips&quot;:{&quot;controls&quot;:true,&quot;seek&quot;:true},&quot;seekTime&quot;:10,&quot;loop&quot;:{&quot;active&quot;:false},&quot;autoplay&quot;:false,&quot;muted&quot;:false,&quot;hideControls&quot;:true,&quot;resetOnEnd&quot;:true,&quot;captions&quot;:{&quot;active&quot;:true,&quot;update&quot;:true}},&quot;infos&quot;:{&quot;id&quot;:0,&quot;startTime&quot;:0,&quot;popup&quot;:false,&quot;sticky&quot;:false,&quot;protected&quot;:false,&quot;video&quot;:{&quot;source&quot;:&quot;https:\\\/\\\/vimeo.com\\\/698192209&quot;,&quot;poster&quot;:&quot;https:\\\/\\\/motionfood.ch\\\/wp-content\\\/uploads\\\/2022\\\/05\\\/straumann_hueppen_wasinger_media_house_videoprodktion_film_photography_final.jpg&quot;,&quot;quality&quot;:false,&quot;subtitle&quot;:false},&quot;provider&quot;:&quot;vimeo&quot;,&quot;branding&quot;:false,&quot;endscreen&quot;:false,&quot;endscreen_text&quot;:false,&quot;endscreen_text_link&quot;:false,&quot;streaming&quot;:false,&quot;propagans&quot;:false,&quot;streamingType&quot;:&quot;hls&quot;,&quot;disableDownload&quot;:false,&quot;disablePause&quot;:false,&quot;thumbInPause&quot;:false,&quot;FYT&quot;:false,&quot;chapters&quot;:false,&quot;nothing&quot;:&quot;false&quot;}}' video-id=\"25\" \r\n                style=\"--plyr-color-main: #f19024;\">\r\n\t\t\t<!-- sticky close  -->\r\n\t\t\t<div class=\"sticky_close\">&times;<\/div>\r\n\t\t\t<div class=\"popup_close_btn\">&times;<\/div>\r\n\t\t\t\r\n\t\t\t\t\t\t\t<!-- for library  -->\r\n\t\t\t\t\t\t\t\t\t<div  class=\"notlibrary\" data-plyr-provider=\"vimeo\" data-plyr-embed-id=\"https:\/\/vimeo.com\/698192209\"><\/div>\r\n\t\t\t\t\t\t\t\t\t\t<\/div>\r\n        <\/div>\r\n        \n\n\t\t<\/div> \n\t<\/div> <\/div><\/div><\/div><div class=\"wpb_column vc_column_container vc_col-sm-6\"><div class=\"vc_column-inner\"><div class=\"wpb_wrapper\">\n\t<div class=\"wpb_text_column wpb_content_element \">\n\t\t<div class=\"wpb_wrapper\">\n\t\t\t<p style=\"text-align: center;\"><strong><span style=\"font-size: 14pt;\">Alpk\u00e4se<\/span><\/strong><\/p>\n\n\t\t<\/div> \n\t<\/div> <div class=\"separator  small center  \" style=\"margin-top: 20px;margin-bottom: 35px;background-color: #f19024;height: 2px;width: 60px;\"><\/div>\n\t<div class=\"vc_empty_space\"  style=\"height: 10px\" ><span\n\t\t\tclass=\"vc_empty_space_inner\">\n\t\t\t<span class=\"empty_space_image\"  ><\/span>\n\t\t<\/span><\/div>\n\n\n\t<div class=\"wpb_text_column wpb_content_element \">\n\t\t<div class=\"wpb_wrapper\">\n\t\t\t <style> #h5vp6a09a8ecaa485 .h5vp_video_overlay{ top:10px; left:10px; } #h5vp6a09a8ecaa485 { overflow:hidden }#h5vp6a09a8ecaa485 .h5vp_video_overlay p { color:#ffffff }#h5vp6a09a8ecaa485 .h5vp_video_overlay p { font-size:20px }#h5vp6a09a8ecaa485 .h5vp_popup svg { background:#f19024 }#h5vp6a09a8ecaa485 .h5vp_video_overlay p:hover { color:#ffffff } <\/style>         <div> \r\n        <div class=\"h5vp_player h5vp_player_initializer\" id=\"h5vp6a09a8ecaa485\" data-settings='{&quot;options&quot;:{&quot;controls&quot;:[&quot;play-large&quot;,&quot;play&quot;,&quot;progress&quot;,&quot;current-time&quot;,&quot;volume&quot;,&quot;captions&quot;,&quot;fullscreen&quot;],&quot;tooltips&quot;:{&quot;controls&quot;:true,&quot;seek&quot;:true},&quot;seekTime&quot;:10,&quot;loop&quot;:{&quot;active&quot;:false},&quot;autoplay&quot;:false,&quot;muted&quot;:false,&quot;hideControls&quot;:true,&quot;resetOnEnd&quot;:true,&quot;captions&quot;:{&quot;active&quot;:true,&quot;update&quot;:true}},&quot;infos&quot;:{&quot;id&quot;:0,&quot;startTime&quot;:0,&quot;popup&quot;:false,&quot;sticky&quot;:false,&quot;protected&quot;:false,&quot;video&quot;:{&quot;source&quot;:&quot;https:\\\/\\\/vimeo.com\\\/744492638&quot;,&quot;poster&quot;:false,&quot;quality&quot;:false,&quot;subtitle&quot;:false},&quot;provider&quot;:&quot;vimeo&quot;,&quot;branding&quot;:false,&quot;endscreen&quot;:false,&quot;endscreen_text&quot;:false,&quot;endscreen_text_link&quot;:false,&quot;streaming&quot;:false,&quot;propagans&quot;:false,&quot;streamingType&quot;:&quot;hls&quot;,&quot;disableDownload&quot;:false,&quot;disablePause&quot;:false,&quot;thumbInPause&quot;:false,&quot;FYT&quot;:false,&quot;chapters&quot;:false,&quot;nothing&quot;:&quot;false&quot;}}' video-id=\"45\" \r\n                style=\"--plyr-color-main: #f19024;\">\r\n\t\t\t<!-- sticky close  -->\r\n\t\t\t<div class=\"sticky_close\">&times;<\/div>\r\n\t\t\t<div class=\"popup_close_btn\">&times;<\/div>\r\n\t\t\t\r\n\t\t\t\t\t\t\t<!-- for library  -->\r\n\t\t\t\t\t\t\t\t\t<div  class=\"notlibrary\" data-plyr-provider=\"vimeo\" data-plyr-embed-id=\"https:\/\/vimeo.com\/744492638\"><\/div>\r\n\t\t\t\t\t\t\t\t\t\t<\/div>\r\n        <\/div>\r\n        \n\n\t\t<\/div> \n\t<\/div> <\/div><\/div><\/div><\/div><\/div><div      class=\"vc_row wpb_row section vc_row-fluid \" style=' text-align:left;'><div class=\" full_section_inner clearfix\"><div class=\"wpb_column vc_column_container vc_col-sm-12\"><div class=\"vc_column-inner\"><div class=\"wpb_wrapper\">\t<div class=\"vc_empty_space\"  style=\"height: 65px\" ><span\n\t\t\tclass=\"vc_empty_space_inner\">\n\t\t\t<span class=\"empty_space_image\"  ><\/span>\n\t\t<\/span><\/div>\n\n<\/div><\/div><\/div><\/div><\/div><div      class=\"vc_row wpb_row section vc_row-fluid \" style=' text-align:left;'><div class=\" full_section_inner clearfix\"><div class=\"wpb_column vc_column_container vc_col-sm-6\"><div class=\"vc_column-inner\"><div class=\"wpb_wrapper\">\n\t<div class=\"wpb_text_column wpb_content_element \">\n\t\t<div class=\"wpb_wrapper\">\n\t\t\t<p style=\"text-align: center;\"><strong><span style=\"font-size: 14pt;\">L\u00e4derach \u2013 CFO of the Year<\/span><\/strong><\/p>\n\n\t\t<\/div> \n\t<\/div> <div class=\"separator  small center  \" style=\"margin-top: 20px;margin-bottom: 35px;background-color: #f19024;height: 2px;width: 60px;\"><\/div>\n\t<div class=\"vc_empty_space\"  style=\"height: 10px\" ><span\n\t\t\tclass=\"vc_empty_space_inner\">\n\t\t\t<span class=\"empty_space_image\"  ><\/span>\n\t\t<\/span><\/div>\n\n\n\t<div class=\"wpb_text_column wpb_content_element \">\n\t\t<div class=\"wpb_wrapper\">\n\t\t\t <style> #h5vp6a09a8ecaba82 .h5vp_video_overlay{ top:10px; left:10px; } #h5vp6a09a8ecaba82 { overflow:hidden }#h5vp6a09a8ecaba82 .h5vp_video_overlay p { color:#ffffff }#h5vp6a09a8ecaba82 .h5vp_video_overlay p { font-size:20px }#h5vp6a09a8ecaba82 .h5vp_popup svg { background:#f19024 }#h5vp6a09a8ecaba82 .h5vp_video_overlay p:hover { color:#ffffff } <\/style>         <div> \r\n        <div class=\"h5vp_player h5vp_player_initializer\" id=\"h5vp6a09a8ecaba82\" data-settings='{&quot;options&quot;:{&quot;controls&quot;:[&quot;play-large&quot;,&quot;play&quot;,&quot;progress&quot;,&quot;current-time&quot;,&quot;volume&quot;,&quot;captions&quot;,&quot;fullscreen&quot;],&quot;tooltips&quot;:{&quot;controls&quot;:true,&quot;seek&quot;:true},&quot;seekTime&quot;:10,&quot;loop&quot;:{&quot;active&quot;:false},&quot;autoplay&quot;:false,&quot;muted&quot;:false,&quot;hideControls&quot;:true,&quot;resetOnEnd&quot;:true,&quot;captions&quot;:{&quot;active&quot;:true,&quot;update&quot;:true}},&quot;infos&quot;:{&quot;id&quot;:0,&quot;startTime&quot;:0,&quot;popup&quot;:false,&quot;sticky&quot;:false,&quot;protected&quot;:false,&quot;video&quot;:{&quot;source&quot;:&quot;https:\\\/\\\/vimeo.com\\\/744968854&quot;,&quot;poster&quot;:false,&quot;quality&quot;:false,&quot;subtitle&quot;:false},&quot;provider&quot;:&quot;vimeo&quot;,&quot;branding&quot;:false,&quot;endscreen&quot;:false,&quot;endscreen_text&quot;:false,&quot;endscreen_text_link&quot;:false,&quot;streaming&quot;:false,&quot;propagans&quot;:false,&quot;streamingType&quot;:&quot;hls&quot;,&quot;disableDownload&quot;:false,&quot;disablePause&quot;:false,&quot;thumbInPause&quot;:false,&quot;FYT&quot;:false,&quot;chapters&quot;:false,&quot;nothing&quot;:&quot;false&quot;}}' video-id=\"51\" \r\n                style=\"--plyr-color-main: #f19024;\">\r\n\t\t\t<!-- sticky close  -->\r\n\t\t\t<div class=\"sticky_close\">&times;<\/div>\r\n\t\t\t<div class=\"popup_close_btn\">&times;<\/div>\r\n\t\t\t\r\n\t\t\t\t\t\t\t<!-- for library  -->\r\n\t\t\t\t\t\t\t\t\t<div  class=\"notlibrary\" data-plyr-provider=\"vimeo\" data-plyr-embed-id=\"https:\/\/vimeo.com\/744968854\"><\/div>\r\n\t\t\t\t\t\t\t\t\t\t<\/div>\r\n        <\/div>\r\n        \n\n\t\t<\/div> \n\t<\/div> <\/div><\/div><\/div><div class=\"wpb_column vc_column_container vc_col-sm-6\"><div class=\"vc_column-inner\"><div class=\"wpb_wrapper\">\n\t<div class=\"wpb_text_column wpb_content_element \">\n\t\t<div class=\"wpb_wrapper\">\n\t\t\t<p style=\"text-align: center;\"><strong><span style=\"font-size: 14pt;\">Jehle Gastro<\/span><\/strong><\/p>\n\n\t\t<\/div> \n\t<\/div> <div class=\"separator  small center  \" style=\"margin-top: 20px;margin-bottom: 35px;background-color: #f19024;height: 2px;width: 60px;\"><\/div>\n\t<div class=\"vc_empty_space\"  style=\"height: 10px\" ><span\n\t\t\tclass=\"vc_empty_space_inner\">\n\t\t\t<span class=\"empty_space_image\"  ><\/span>\n\t\t<\/span><\/div>\n\n\n\t<div class=\"wpb_text_column wpb_content_element \">\n\t\t<div class=\"wpb_wrapper\">\n\t\t\t <style> #h5vp6a09a8ecac741 .h5vp_video_overlay{ top:10px; left:10px; } #h5vp6a09a8ecac741 { overflow:hidden }#h5vp6a09a8ecac741 .h5vp_video_overlay p { color:#ffffff }#h5vp6a09a8ecac741 .h5vp_video_overlay p { font-size:20px }#h5vp6a09a8ecac741 .h5vp_popup svg { background:#f19024 }#h5vp6a09a8ecac741 .h5vp_video_overlay p:hover { color:#ffffff } <\/style>         <div> \r\n        <div class=\"h5vp_player h5vp_player_initializer\" id=\"h5vp6a09a8ecac741\" data-settings='{&quot;options&quot;:{&quot;controls&quot;:[&quot;play-large&quot;,&quot;play&quot;,&quot;progress&quot;,&quot;current-time&quot;,&quot;volume&quot;,&quot;captions&quot;,&quot;fullscreen&quot;],&quot;tooltips&quot;:{&quot;controls&quot;:true,&quot;seek&quot;:true},&quot;seekTime&quot;:10,&quot;loop&quot;:{&quot;active&quot;:false},&quot;autoplay&quot;:false,&quot;muted&quot;:false,&quot;hideControls&quot;:true,&quot;resetOnEnd&quot;:true,&quot;captions&quot;:{&quot;active&quot;:true,&quot;update&quot;:true}},&quot;infos&quot;:{&quot;id&quot;:0,&quot;startTime&quot;:0,&quot;popup&quot;:false,&quot;sticky&quot;:false,&quot;protected&quot;:false,&quot;video&quot;:{&quot;source&quot;:&quot;https:\\\/\\\/vimeo.com\\\/744493596&quot;,&quot;poster&quot;:false,&quot;quality&quot;:false,&quot;subtitle&quot;:false},&quot;provider&quot;:&quot;vimeo&quot;,&quot;branding&quot;:false,&quot;endscreen&quot;:false,&quot;endscreen_text&quot;:false,&quot;endscreen_text_link&quot;:false,&quot;streaming&quot;:false,&quot;propagans&quot;:false,&quot;streamingType&quot;:&quot;hls&quot;,&quot;disableDownload&quot;:false,&quot;disablePause&quot;:false,&quot;thumbInPause&quot;:false,&quot;FYT&quot;:false,&quot;chapters&quot;:false,&quot;nothing&quot;:&quot;false&quot;}}' video-id=\"47\" \r\n                style=\"--plyr-color-main: #f19024;\">\r\n\t\t\t<!-- sticky close  -->\r\n\t\t\t<div class=\"sticky_close\">&times;<\/div>\r\n\t\t\t<div class=\"popup_close_btn\">&times;<\/div>\r\n\t\t\t\r\n\t\t\t\t\t\t\t<!-- for library  -->\r\n\t\t\t\t\t\t\t\t\t<div  class=\"notlibrary\" data-plyr-provider=\"vimeo\" data-plyr-embed-id=\"https:\/\/vimeo.com\/744493596\"><\/div>\r\n\t\t\t\t\t\t\t\t\t\t<\/div>\r\n        <\/div>\r\n        \n\n\t\t<\/div> \n\t<\/div> <\/div><\/div><\/div><\/div><\/div><div      class=\"vc_row wpb_row section vc_row-fluid \" style=' text-align:left;'><div class=\" full_section_inner clearfix\"><div class=\"wpb_column vc_column_container vc_col-sm-12\"><div class=\"vc_column-inner\"><div class=\"wpb_wrapper\">\t<div class=\"vc_empty_space\"  style=\"height: 65px\" ><span\n\t\t\tclass=\"vc_empty_space_inner\">\n\t\t\t<span class=\"empty_space_image\"  ><\/span>\n\t\t<\/span><\/div>\n\n<\/div><\/div><\/div><\/div><\/div>\n","protected":false},"excerpt":{"rendered":"FOOD INDUSTRY Wir produzieren erstklassige Werbespots f\u00fcr Lebensmittel-Hersteller, r\u00fccken das Produkt gekonnt ins beste Licht und kreieren eine starke visuelle Storyline, damit die Videos auch im anspruchsvollen Umfeld von Social Media erfolgreich eingesetzt werden k\u00f6nnen. Kontaktieren Sie uns Straumann H\u00fcppen &times; &times; Alpk\u00e4se &times; &times;...","protected":false},"author":1,"featured_media":0,"parent":16616,"menu_order":0,"comment_status":"closed","ping_status":"closed","template":"","meta":{"om_disable_all_campaigns":false,"_monsterinsights_skip_tracking":false,"_monsterinsights_sitenote_active":false,"_monsterinsights_sitenote_note":"","_monsterinsights_sitenote_category":0,"footnotes":""},"class_list":["post-16618","page","type-page","status-publish","hentry"],"aioseo_notices":[],"_links":{"self":[{"href":"https:\/\/motionfood.ch\/de\/wp-json\/wp\/v2\/pages\/16618","targetHints":{"allow":["GET"]}}],"collection":[{"href":"https:\/\/motionfood.ch\/de\/wp-json\/wp\/v2\/pages"}],"about":[{"href":"https:\/\/motionfood.ch\/de\/wp-json\/wp\/v2\/types\/page"}],"author":[{"embeddable":true,"href":"https:\/\/motionfood.ch\/de\/wp-json\/wp\/v2\/users\/1"}],"replies":[{"embeddable":true,"href":"https:\/\/motionfood.ch\/de\/wp-json\/wp\/v2\/comments?post=16618"}],"version-history":[{"count":1,"href":"https:\/\/motionfood.ch\/de\/wp-json\/wp\/v2\/pages\/16618\/revisions"}],"predecessor-version":[{"id":16619,"href":"https:\/\/motionfood.ch\/de\/wp-json\/wp\/v2\/pages\/16618\/revisions\/16619"}],"up":[{"embeddable":true,"href":"https:\/\/motionfood.ch\/de\/wp-json\/wp\/v2\/pages\/16616"}],"wp:attachment":[{"href":"https:\/\/motionfood.ch\/de\/wp-json\/wp\/v2\/media?parent=16618"}],"curies":[{"name":"wp","href":"https:\/\/api.w.org\/{rel}","templated":true}]}}