{"id":16233,"date":"2022-05-05T07:41:21","date_gmt":"2022-05-05T07:41:21","guid":{"rendered":"https:\/\/motionfood.ch\/?page_id=16233"},"modified":"2022-09-29T14:12:58","modified_gmt":"2022-09-29T14:12:58","slug":"agb","status":"publish","type":"page","link":"https:\/\/motionfood.ch\/de\/agb\/","title":{"rendered":"AGBs"},"content":{"rendered":"<div      class=\"vc_row wpb_row section vc_row-fluid \" style=' text-align:left;'><div class=\" full_section_inner clearfix\"><div class=\"wpb_column vc_column_container vc_col-sm-12\"><div class=\"vc_column-inner\"><div class=\"wpb_wrapper\">\n\t<div class=\"wpb_text_column wpb_content_element \">\n\t\t<div class=\"wpb_wrapper\">\n\t\t\t<h2><span style=\"font-family: Montserrat;\">Allgemeine Gesch\u00e4ftsbedingungen Wasinger Media House GmbH<\/span><\/h2>\n\n\t\t<\/div> \n\t<\/div> <div class=\"separator  small left  \" style=\"margin-top: 20px;margin-bottom: 35px;background-color: #f19024;height: 2px;width: 60px;\"><\/div>\n\n\t<div class=\"wpb_text_column wpb_content_element \">\n\t\t<div class=\"wpb_wrapper\">\n\t\t\t<p><span style=\"font-size: 14pt;\"><strong>1. Gu\u0308ltigkeit der Bestimmungen<\/strong><br \/>\n\u200dDie nachstehenden Allgemeinen Gescha\u0308ftsbedingungen (AGB) regeln die Beziehungen zwischen Kunden und der Wasinger Media House GmbH (nachstehend als WMH bezeichnet). Sie gelten als integrierender Bestandteil eines Auftrages. Abweichungen von den nachfolgenden Bedingungen bedu\u0308rfen der Schriftform. Mit Erteilung des Auftrags erkennen die Kunden die ausschliessliche Gu\u0308ltigkeit der WMH Bestimmungen an. Es sei denn, dass etwas anderes schriftlich vereinbart worden ist.<\/span><\/p>\n<p><span style=\"font-size: 14pt;\"><strong>\u200d2. Leistungen, Auftragserteilung und Vertragsabschluss<\/strong><br \/>\n<strong>2.1<\/strong>\u00a0Die Beauftragung von WMH kann schriftlich (Vertrag, unterschriebener Kostenvoranschlag oder Besta\u0308tigung via E-Mail) erfolgen.<\/span><br \/>\n<span style=\"font-size: 14pt;\"><strong>\u200d2.2<\/strong>\u00a0Jede Gescha\u0308ftsbeziehung zwischen WMH und ihren Kunden wird durch den Kostenvoranschlag geregelt, in dem der Leistungsumfang festgehalten wird. Die Art der Dienstleistungen und Werke im Einzelnen ergibt sich aus den von WMH entwickelten Konzepten, Massnahmen, Produktionen oder Einzelauftra\u0308gen.<\/span><br \/>\n<span style=\"font-size: 14pt;\"><strong>\u200d2.3<\/strong>\u00a0Die schriftlich ausgearbeiteten Angebote von WMH sind verbindlich (vgl. Art. 3 und 4 des Schweizerischen Obligationenrechts). Die Kunden besta\u0308tigen verbindliche Angebote schriftlich (Vertrag, unterschriebener Kostenvoranschlag oder besta\u0308tigter Kostenvoranschlag), womit die entsprechende Vereinbarung, als zustande gekommen gilt.<\/span><br \/>\n<span style=\"font-size: 14pt;\"><strong>\u200d2.4<\/strong>\u00a0Abweichungen ko\u0308nnen vorkommen. WMH informiert den Kunden rechtzeitig schriftlich, sofern mit einer Kostenu\u0308berschreitung gerechnet werden muss. Entsteht bei Mehraufwand ein Budget- U\u0308berschreitung, der aufgrund von A\u0308nderungen, Erga\u0308nzungen oder Erweiterungen des Auftrags entsteht, wird als zusa\u0308tzliche Leistung nach dem vereinbarten Stundensatz abgerechnet.<\/span><br \/>\n<span style=\"font-size: 14pt;\"><strong>\u200d2.5<\/strong> WMH ist gema\u0308ss diesen Allgemeinen Gescha\u0308ftsbedingungen berechtigt, nach eigener Einscha\u0308tzung zusa\u0308tzliche, externe Dienstleister respektive externe Unternehmer fu\u0308r die vertragsgema\u0308sse Erfu\u0308llung des Auftrags beizuziehen. Solche Dritten haben die rechtliche Qualifikationen von Erfu\u0308llungsgehilfen (Art. 101 OR).<\/span><\/p>\n<p><span style=\"font-size: 14pt;\"><strong data-w-id=\"0fb73883-914a-7759-85ff-b47ef5bf178b\" data-wf-id=\"&#091;&quot;0fb73883-914a-7759-85ff-b47ef5bf178b&quot;&#093;\">2.6<\/strong> WMH beh\u00e4lt sich vor bei kurzfristigen Anfragen (14 Tage oder weniger vor dem Produktionstag) eine Aufwandspauschale f\u00fcr die Machbarkeitspr\u00fcfung resp. Abkl\u00e4rungen vor der Offertenstellung in der H\u00f6he von pauschal CHF 1&#8217;200.- in Rechnung zu stellen. Diese Geb\u00fchr wird bei Auftragserteilung hinf\u00e4llig.<\/span><\/p>\n<p><span style=\"font-size: 14pt;\"><strong>\u200d3. Terminabsprachen<\/strong><br \/>\n<strong>3.1<\/strong>\u00a0Vereinbarte Termine und Lieferfristen sind wenn immer mo\u0308glich einzuhalten. Auftragsa\u0308nderungen ko\u0308nnen zu Verzo\u0308gerungen fu\u0308hren. Frist- und Terminabsprachen sind schriftlich zu besta\u0308tigen.<\/span><br \/>\n<span style=\"font-size: 14pt;\"><strong>\u200d3.2<\/strong>\u00a0Die angestrebten Erfu\u0308llungstermine ko\u0308nnen nur dann eingehalten werden, wenn die Kunden zu den von WMH angegebenen Terminen alle notwendigen Unterlagen, Daten und Informationen vollsta\u0308ndig zur Verfu\u0308gung stellen. Lieferverzo\u0308gerungen und Kostenerho\u0308hungen, die durch unrichtige, unvollsta\u0308ndige oder nachtra\u0308glich gea\u0308nderte Angaben bzw. nicht zur Verfu\u0308gung gestellte Unterlagen entstehen, gehen zu Lasten der Kunden.<\/span><br \/>\n<span style=\"font-size: 14pt;\"><strong>\u200d3.3<\/strong>\u00a0Bei Projektverzo\u0308gerungen setzt WMH die Kunden unverzu\u0308glich in Kenntnis. Die Nichteinhaltung eines Termins berechtigt die Kunden erst dann zur Geltendmachung der ihnen gesetzlich zustehenden Rechte, wenn sie WMH eine angemessene Nachfrist gesetzt haben.<\/span><br \/>\n<span style=\"font-size: 14pt;\"><strong>\u200d3.4<\/strong>\u00a0Ho\u0308here Gewalt (i.e. Tod, Pandemien, etc.) und Naturkatastrophen entbinden WMH von der Lieferverpflichtung bzw. gestatten WMH eine Neufestsetzung der vereinbarten Lieferfrist. Werden Veranstaltungen aufgrund beho\u0308rdlicher Anordnungen abgesagt, so mu\u0308ssen die Leistungen die bis zu dem Zeitpunkt durch WMH geleistet wurden, auf jeden Fall von den Kunden entscha\u0308digt werden, zuzu\u0308glich einer Annullierungskosten-Gebu\u0308hr von 20%.<\/span><\/p>\n<p><span style=\"font-size: 14pt;\"><strong>\u200d4. Reduktion oder Annullierung des Auftrags<\/strong><br \/>\n<strong>4.1<\/strong>\u00a0Absagen oder Reduzierungen von Auftra\u0308gen bedu\u0308rfen einer beidseitigen Einigung. Wird ein erteilter Auftrag reduziert oder annulliert, beh\u00e4lt sich WMH folgendes vor:<\/span><br \/>\n<span style=\"font-size: 14pt;\">\u200d<\/span><br \/>\n<span style=\"font-size: 14pt;\">\u25cf Verrechnung der bisher geleisteten Arbeit<\/span><br \/>\n<span style=\"font-size: 14pt;\">\u25cf Verrechnung der Unkosten und der Vorleistungen Dritter<\/span><br \/>\n<span style=\"font-size: 14pt;\">\u25cf Wiedergutmachung aller sich aus der Reduktion oder <\/span><span style=\"font-size: 14pt;\">Annullierung ergebenden Opportunita\u0308tskosten (= 20% Annullierungskostengebu\u0308hr vom Auftragswert).<\/span><br \/>\n<span style=\"font-size: 14pt;\">\u25cf Die entstandenen Kosten, die nicht zum Zuge kamen, ko\u0308nnen bei Bedarf innerhalb eines Jahres wieder aktiviert werden.<\/span><br \/>\n<span style=\"font-size: 14pt;\">\u200d<\/span><br \/>\n<span style=\"font-size: 14pt;\"><strong>\u200d4.2<\/strong>\u00a0Daru\u0308ber hinaus hat die WMH das Recht, ihre bisher geleistete Arbeit bei Annullierung des Auftrags anderweitig zu verwenden. Die Nutzungsrechte bleiben vollumfa\u0308nglich bei der WMH.<\/span><\/p>\n<p><span style=\"font-size: 14pt;\"><strong>\u200d5. Ru\u0308cktritt von Auftra\u0308gen<\/strong><br \/>\n\u200dBei Auftra\u0308gen die annulliert werden, hat WMH folgende Anspru\u0308che auf Entscha\u0308digung:<\/span><\/p>\n<p><span style=\"font-size: 14pt;\">Stornierungsbedingungen<\/span><br \/>\n<span style=\"font-size: 14pt;\">60 &#8211; 30 Tage vor Produktion: 20% des Auftragwertes<\/span><br \/>\n<span style=\"font-size: 14pt;\">29 &#8211; 14 Tage vor Produktion: 30% des Auftragwertes<\/span><br \/>\n<span style=\"font-size: 14pt;\">13 &#8211; 07 Tage vor Produktion: 40% des Auftragwertes<\/span><br \/>\n<span style=\"font-size: 14pt;\">06 &#8211; 03 Tage vor Produktion: 75% des Auftragwertes<\/span><br \/>\n<span style=\"font-size: 14pt;\">02 &#8211; 00 Tage vor Produktion: 100% des Auftragwertes<\/span><\/p>\n<p><span style=\"font-size: 14pt;\"><strong>\u200d6. Zahlung und Fa\u0308lligkeit der Vergu\u0308tung<\/strong><br \/>\n<strong>6.1<\/strong>\u00a0WMH rechnet seine Leistungen, soweit im Einzelfall nicht ausdru\u0308cklich anders geregelt, nach Arbeitsaufwand auf der Basis des vereinbarten Stunden-\/Tagestarifs ab. Die Vergu\u0308tung versteht sich zzgl. der gesetzlichen Mehrwertsteuer.<\/span><br \/>\n<span style=\"font-size: 14pt;\"><strong>\u200d6.2<\/strong>\u00a0Die Leistungen von WMH enthalten grundsa\u0308tzlich 1 Revision \u00e0 vier 4 Stunden (Layouts, Storyboards, Grafiken, Animationen, Filmschnitt etc.), sofern nicht anders vereinbart. Zusa\u0308tzliche oder umfangreiche Revisionen (\u00fcber 4 Stunden) werden gema\u0308ss Stunden-\/Tagesaufwand separat verrechnet.<\/span><br \/>\n<span style=\"font-size: 14pt;\"><strong>\u200d6.3<\/strong>\u00a0F\u00fcr Auftr\u00e4ge ab CHF 20&#8217;000.- werden, ausser anders vereinbart, 30% der Gesamtvergu\u0308tung bei der Auftragserteilung fa\u0308llig, 30% nach der Produktion und 40% nach der Abnahme. F\u00fcr Auftr\u00e4ge von CHF 5&#8217;000.- bis CHF 20&#8217;000.- werden 50% der Gesamtverg\u00fctung bei Auftragserteilung und die restlichen 50% nach Auftragsabschluss in Rechnung gestellt. Leistungen von WMH, die im Kosten-voranschlag nicht ausdru\u0308cklich als im Preis vereinbart ausgewiesen wurden, sind Nebenleistungen, die gesondert in Rechnung gestellt werden.<\/span><br \/>\n<span style=\"font-size: 14pt;\"><strong>\u200d6.4<\/strong>\u00a0Zahlungen sind 30 Tage nach Rechnungsdatum zur Zahlung fa\u0308llig. Die Regelung des Zahlungsverzugs richten sich nach den Bestimmungen des Schweizerischen Obligationenrechts (Art. 102 \u2013 109 OR).<\/span><\/p>\n<p><span style=\"font-size: 14pt;\"><strong>\u200d7. Treuepflicht, Gescha\u0308ftsgeheimnis<\/strong><br \/>\n\u200dWMH verpflichtet sich, die ihr u\u0308bertragenen Aufgaben sorgfa\u0308ltig, gewissenhaft und verantwortungsbewusst zu erledigen. Sie verpflichtet sich, ihr anvertraute oder fu\u0308r die Kunden erarbeitete Informationen vertraulich zu behandeln.<\/span><\/p>\n<p><span style=\"font-size: 14pt;\"><strong>\u200d8. Sorgfaltspflicht und Haftung<\/strong><br \/>\n<strong>8.1<\/strong>\u00a0WMH steht dafu\u0308r ein, dass erteilte Auftra\u0308ge sorgfa\u0308ltig ausgefu\u0308hrt werden und der zugesicherte Leistungsumfang wie vereinbart geliefert wird.<\/span><\/p>\n<p><span style=\"font-size: 14pt;\">In folgenden Fa\u0308llen kann WMH keine Haftung u\u0308bernehmen:<\/span><br \/>\n<span style=\"font-size: 14pt;\">\u25cf Wenn der im Angebot festgelegte Leistungsumfang erbracht und\/oder das Ergebnis von den Kunden freigegeben wurde.<\/span><br \/>\n<span style=\"font-size: 14pt;\">\u25cf Wenn ein Fehler ausserhalb des Einflussbereichs von WMH durch Dritte verursacht wurde, also nicht im Auftrag von WMH stand.<\/span><br \/>\n<span style=\"font-size: 14pt;\">\u25cf Wenn sich die Abweichung vom Soll-Resultat durch eine Massnahme ergibt, die von den Kunden oder auf Wunsch der Kunden getroffen wurde.<\/span><br \/>\n<span style=\"font-size: 14pt;\">\u200d<\/span><br \/>\n<span style=\"font-size: 14pt;\"><strong>\u200d8.2<\/strong>\u00a0Eine u\u0308ber den Wert der von WMH erbrachten Leistungen hinausgehende Haftung fu\u0308r Scha\u0308den kann WMH nicht u\u0308bernehmen. Eine Haftung fu\u0308r indirekte Scha\u0308den oder Mangelfolgescha\u0308den wird ausgeschlossen.<\/span><br \/>\n<span style=\"font-size: 14pt;\"><strong>\u200d8.3<\/strong>\u00a0Die Verantwortung fu\u0308r Inhalte, die gegen die Lauterkeit oder andere gesetzliche Bestimmungen verstossen, liegt ausschliesslich beim Kunden.<\/span><\/p>\n<p><span style=\"font-size: 14pt;\"><strong>\u200d9. Abnahme, Ma\u0308ngelru\u0308ge<\/strong><br \/>\n<strong>9.1<\/strong>\u00a0Die Abnahme gilt als erfolgt, wenn sie nicht innerhalb 15 Tagen nach Ablieferung abgelehnt wird. Wenn nach Ablauf von 15 Arbeitstagen WMH keine Erkla\u0308rung zur Abnahme zugeht, gilt das Leistungsergebnis als abgenommen und wird in Rechnung gestellt.<\/span><br \/>\n<span style=\"font-size: 14pt;\"><strong>\u200d9.2<\/strong>\u00a0Beanstandungen gegen einer von WMH erbrachten Leistung, sind unverzu\u0308glich, spa\u0308testens innerhalb 15 Tagen nach Abgabe, schriftlich anzuzeigen.<\/span><br \/>\n<span style=\"font-size: 14pt;\"><strong>\u200d9.3<\/strong>\u00a0Ist die U\u0308berpru\u0308fung des Leistungsergebnisses erfolgreich, erkla\u0308ren die Kunden gegenu\u0308ber WMH schriftlich die Abnahme.<\/span><br \/>\n<span style=\"font-size: 14pt;\"><strong>\u200d9.4<\/strong>\u00a0Bei berechtigten Beanstandungen erfolgt eine Nachbesserung. Verweigern die Kunden die Abnahme und erkla\u0308rt in diesem Zuge den Ru\u0308cktritt vom Auftrag, beha\u0308lt WMH den Vergu\u0308tungsanspruch fu\u0308r bereits begonnene sowie geleistete Arbeiten, zuzu\u0308glich 20% Annullierungskosten-Gebu\u0308hr.<\/span><\/p>\n<p><span style=\"font-size: 14pt;\"><strong>\u200d10. Urheberrecht, Geistiges Eigentum, Nutzungsrechte und Datenverarbeitung<\/strong><br \/>\n<strong>10.1<\/strong>\u00a0Die Urheberrechte fu\u0308r scho\u0308pferische Werke, die WMH fu\u0308r Kunden entwickelt (z.B. Konzepte, Fotos, Filme, Streaming-Aufnahmen, Animationen, Grafiken etc.) verbleiben bei der Agentur.<\/span><br \/>\n<span style=\"font-size: 14pt;\"><strong>\u200d10.2<\/strong>\u00a0Wo nicht anders schriftlich vereinbart, gehen die Nutzungsrechte nach vollsta\u0308ndiger Bezahlung der Projektrechnung an die Kunden u\u0308ber, und zwar fu\u0308r den im Projekt definierten Anwendungszweck. Dieses Nutzungsrecht schliesst in der Regel die Herausgabe von Rohdaten aus, sofern der Anwendungszweck dies nicht anders erfordert. Die Parteien ko\u0308nnen jederzeit u\u0308ber die Nutzung ausserhalb des Vertragszwecks sowie die Herausgabe von Rohdaten verhandeln. Fu\u0308r jede ausserhalb des Vertragszwecks liegende Nutzung haben die Kunden WMH zu informieren und die Mehrnutzung entsprechend zu entscha\u0308digen. Die Kunden haben auch nach Erwerb eines Nutzungsrechts ausdru\u0308cklich keine Exklusivrechte erworben. Die Nutzungsrechte von Dritten (Models, Bildagenturen, Musiker, Sprecher etc.) sind gesondert zu regeln. Wird ein Konzept u\u0308ber diesen Rahmen weiterverwendet, ist dies nur in Absprache mit WMH erlaubt und separat abzugelten.<\/span><br \/>\n<span style=\"font-size: 14pt;\"><strong>\u200d10.3<\/strong>\u00a0Software, Schriften, Bilder und andere geschu\u0308tzte Objekte verwendet WMH nur mit den no\u0308tigen Lizenzrechten. Fu\u0308r Verletzungen von Urheberrechten durch die Kunden (z.B. mittels an die WMH u\u0308bergebene Vorlagen etc.) kann die WMH nicht haftbar gemacht werden.<\/span><br \/>\n<span style=\"font-size: 14pt;\"><strong>\u200d10.4<\/strong>\u00a0Ausser anders vereinbart, erkla\u0308ren sich die Kunden damit einverstanden, dass WMH die fu\u0308r ihnen erstellten Leistungen bei Bedarf als Referenz auf ihrer Homepage, auf Social Media bzw. in sonstigen Werbemitteln als Nachweis ihrer Arbeiten verwenden darf. Weiterhin stimmen die Kunden zu, dass ihre Firmenname, ggf. mit URL, in die ebenfalls fu\u0308r Werbezwecke verwendete Kundenliste der WMH aufgenommen werden darf. Sofern eine Nicht-Disclosure-Klausel zwischen WMH und den Kunden vereinbart wurde, la\u0308uft diese nach 3 Jahren ab und die Agentur kann ab dem Zeitpunkt sa\u0308mtliche Werke frei publizieren.<\/span><br \/>\n<span style=\"font-size: 14pt;\"><strong>\u200d10.5<\/strong>\u00a0Die im Rahmen der Gescha\u0308ftsbeziehung unmittelbar oder durch Dritte bekannt werdenden personenbezogenen Daten der Kunden werden von WMH gespeichert und fu\u0308r den Gescha\u0308ftsverkehr verarbeitet. Die Daten werden nur fu\u0308r interne Zwecke genutzt und nicht an Dritte weitergegeben. WMH ha\u0308lt sich an die geltende Datenschutzgesetzgebung. Die Kunden willigen in diese Datenverarbeitung ein.<\/span><\/p>\n<p><span style=\"font-size: 14pt;\"><strong>\u200d11. Schlussbestimmungen<\/strong><br \/>\n\u200dDie Unwirksamkeit einzelner Bedingungen beru\u0308hrt die Wirksamkeit der u\u0308brigen nicht. Die Parteien werden im Falle der Unwirksamkeit einzelner Klauseln nach besten Kra\u0308ften versuchen, die unwirksame Klausel durch eine wirksame Klausel zu ersetzen, die der unwirksamen Klausel ihrem Sinn nach am na\u0308chsten kommt.<\/span><\/p>\n<p><span style=\"font-size: 14pt;\"><strong>\u200d12. Rechtliches<\/strong><br \/>\n\u200dBei einer Sto\u0308rung in der Zusammenarbeit setzen die WMH und die Kunden alles daran, eine einvernehmliche Lo\u0308sung ohne rechtliche Schritte zu finden. Sollte dies scheitern, ist der Gerichtsstand der fu\u0308r den Sitz von WMH o\u0308rtlich zusta\u0308ndige Gericht. Es gilt Schweizer Recht.<\/span><\/p>\n<p><span style=\"font-size: 14pt;\">Stand: 29.04.2022, CH-8952 Zu\u0308rich-Schlieren<\/span><\/p>\n\n\t\t<\/div> \n\t<\/div> \t<div class=\"vc_empty_space\"  style=\"height: 45px\" ><span\n\t\t\tclass=\"vc_empty_space_inner\">\n\t\t\t<span class=\"empty_space_image\"  ><\/span>\n\t\t<\/span><\/div>\n\n<a  itemprop=\"url\" href=\"https:\/\/motionfood.ch\/wp-content\/uploads\/2022\/09\/WMH_AGBS.pdf\" target=\"_blank\" data-hover-border-color=#ffd28e data-hover-color=#ffd28e class=\"qbutton  white default\" style=\"color: #ffffff; border-color: #f39125; border-radius: 20px;-moz-border-radius: 20px;-webkit-border-radius: 20px; background-color: #f39125;\">AGB PDF Download<\/a>\t<div class=\"vc_empty_space\"  style=\"height: 45px\" ><span\n\t\t\tclass=\"vc_empty_space_inner\">\n\t\t\t<span class=\"empty_space_image\"  ><\/span>\n\t\t<\/span><\/div>\n\n<\/div><\/div><\/div><\/div><\/div>\n","protected":false},"excerpt":{"rendered":"Allgemeine Gesch\u00e4ftsbedingungen Wasinger Media House GmbH 1. Gu\u0308ltigkeit der Bestimmungen \u200dDie nachstehenden Allgemeinen Gescha\u0308ftsbedingungen (AGB) regeln die Beziehungen zwischen Kunden und der Wasinger Media House GmbH (nachstehend als WMH bezeichnet). Sie gelten als integrierender Bestandteil eines Auftrages. Abweichungen von den nachfolgenden Bedingungen bedu\u0308rfen der Schriftform....","protected":false},"author":1,"featured_media":0,"parent":0,"menu_order":0,"comment_status":"closed","ping_status":"closed","template":"","meta":{"om_disable_all_campaigns":false,"_monsterinsights_skip_tracking":false,"_monsterinsights_sitenote_active":false,"_monsterinsights_sitenote_note":"","_monsterinsights_sitenote_category":0,"footnotes":""},"class_list":["post-16233","page","type-page","status-publish","hentry"],"aioseo_notices":[],"_links":{"self":[{"href":"https:\/\/motionfood.ch\/de\/wp-json\/wp\/v2\/pages\/16233","targetHints":{"allow":["GET"]}}],"collection":[{"href":"https:\/\/motionfood.ch\/de\/wp-json\/wp\/v2\/pages"}],"about":[{"href":"https:\/\/motionfood.ch\/de\/wp-json\/wp\/v2\/types\/page"}],"author":[{"embeddable":true,"href":"https:\/\/motionfood.ch\/de\/wp-json\/wp\/v2\/users\/1"}],"replies":[{"embeddable":true,"href":"https:\/\/motionfood.ch\/de\/wp-json\/wp\/v2\/comments?post=16233"}],"version-history":[{"count":13,"href":"https:\/\/motionfood.ch\/de\/wp-json\/wp\/v2\/pages\/16233\/revisions"}],"predecessor-version":[{"id":16603,"href":"https:\/\/motionfood.ch\/de\/wp-json\/wp\/v2\/pages\/16233\/revisions\/16603"}],"wp:attachment":[{"href":"https:\/\/motionfood.ch\/de\/wp-json\/wp\/v2\/media?parent=16233"}],"curies":[{"name":"wp","href":"https:\/\/api.w.org\/{rel}","templated":true}]}}